{"id":8588,"date":"2024-09-13T12:43:47","date_gmt":"2024-09-13T12:43:47","guid":{"rendered":"https:\/\/mypot.fr\/produit\/space-cookie-caramel-puffy-cbd-50mg-thc-50mg\/"},"modified":"2025-02-24T14:53:04","modified_gmt":"2025-02-24T14:53:04","slug":"space-cookies-caramel-puffy-cbd-50mg-thc-50mg","status":"publish","type":"product","link":"https:\/\/mypot.fr\/es\/producto\/space-cookies-caramel-puffy-cbd-50mg-thc-50mg\/","title":{"rendered":"Space Cookie Caramelo &#8211; PUFFY- CBD 50mg THC 50mg"},"content":{"rendered":"<p>Descubre esta galleta THC, que combina placer gourmet y relajaci\u00f3n profunda. Ideal para relajarse despu\u00e9s de un largo d\u00eda. Estas cookies pueden ayudar a aliviar el estr\u00e9s, la ansiedad y mejorar el estado de \u00e1nimo, as\u00ed como promover un sue\u00f1o reparador. <strong>Producto vegano<\/strong>. Con estas galletas puedes consumir THC de forma discreta y sin los efectos nocivos de fumar. Obt\u00e9n un producto seguro: probado en laboratorio para garantizar la pureza, la calidad y la dosificaci\u00f3n precisa.\u00a0 Adem\u00e1s, provienen de una receta casera y est\u00e1n deliciosos, \u00a1ten cuidado de no comer demasiado de una vez!<\/p>\n<p><strong>Instrucciones de uso<\/strong>: Dependiendo de tu tolerancia al THC, si eres un novato, debes comenzar comiendo una peque\u00f1a porci\u00f3n (1\/8 de una galleta, que representa 6 mg de THC) y adaptar la cantidad seg\u00fan el efecto deseado para encontrar la dosis \u00f3ptima. Los efectos aparecen entre 30 y 60 minutos y pueden durar hasta 6 horas. Si tienes alguna duda, puedes consultarnos por whatsapp y obtendr\u00e1s una respuesta inmediata, o mirar nuestro <strong><a href=\"https:\/\/mypot.fr\/es\/dosis-de-thc\/\"><span style=\"color: #000080;\">ENLACE A LA TABLA DE DOSIFICACI\u00d3N DE THC<\/span><\/a><\/strong><\/p>\n<p><strong>Ingredientes<\/strong>: Harina de trigo, harina de pan, sirope de arce, pistacho, zumo de naranja, c\u00e1scara de naranja, az\u00facar de vainilla, MCT (triglic\u00e9ridos de cadena media), lecitina, glicerina y 100 mg de extracto de CBD de espectro completo (incluido delta 9 thc &lt;0,3% o 50 mg por unidad).<\/p>\n<p><strong>No apto para menores, mujeres embarazadas o en per\u00edodo de lactancia.<\/strong><\/p>\n<p>Este producto tiene un alto contenido de THC,\u00a0 se recomienda tomarlo con cautela y est\u00e1 concebido para alcanzar la m\u00e1xima relajaci\u00f3n. Sin embargo, para evitar una mala experiencia, te aconsejamos encarecidamente que te informes bien en nuestra gu\u00eda sobre la dosificaci\u00f3n de productos con THC ingerido.<\/p>\n<p>Este producto puede provocar un positivo en THC en un test antidrogas.<\/p>\n<p><strong><a href=\"https:\/\/mypot.fr\/es\/dosis-de-thc\/\"><span style=\"color: #0000ff;\">ENLACE A LA TABLA DE DOSIFICACI\u00d3N DE THC<\/span><\/a><\/strong><\/p>\n","protected":false},"excerpt":{"rendered":"<p><strong>Este producto es potente en THC<\/strong> (50 mg por galleta)<\/p>\n<p>50 mg de CBD por galleta.<\/p>\n<p><strong>Producto vegano<\/strong><\/p>\n<p><strong><a href=\"https:\/\/mypot.fr\/es\/dosis-de-thc\/\"><span style=\"color: #0000ff;\">ENLACE A LA TABLA DE DOSIFICACI\u00d3N DE THC<\/span><\/a><\/strong><\/p>\n","protected":false},"featured_media":8541,"comment_status":"open","ping_status":"closed","template":"","meta":{"site-sidebar-layout":"default","site-content-layout":"","ast-site-content-layout":"default","site-content-style":"default","site-sidebar-style":"default","ast-global-header-display":"","ast-banner-title-visibility":"","ast-main-header-display":"","ast-hfb-above-header-display":"","ast-hfb-below-header-display":"","ast-hfb-mobile-header-display":"","site-post-title":"","ast-breadcrumbs-content":"","ast-featured-img":"","footer-sml-layout":"","ast-disable-related-posts":"","theme-transparent-header-meta":"default","adv-header-id-meta":"","stick-header-meta":"","header-above-stick-meta":"","header-main-stick-meta":"","header-below-stick-meta":"","astra-migrate-meta-layouts":"set","ast-page-background-enabled":"default","ast-page-background-meta":{"desktop":{"background-color":"","background-image":"","background-repeat":"repeat","background-position":"center center","background-size":"auto","background-attachment":"scroll","background-type":"","background-media":"","overlay-type":"","overlay-color":"","overlay-opacity":"","overlay-gradient":""},"tablet":{"background-color":"","background-image":"","background-repeat":"repeat","background-position":"center center","background-size":"auto","background-attachment":"scroll","background-type":"","background-media":"","overlay-type":"","overlay-color":"","overlay-opacity":"","overlay-gradient":""},"mobile":{"background-color":"","background-image":"","background-repeat":"repeat","background-position":"center center","background-size":"auto","background-attachment":"scroll","background-type":"","background-media":"","overlay-type":"","overlay-color":"","overlay-opacity":"","overlay-gradient":""}},"ast-content-background-meta":{"desktop":{"background-color":"var(--ast-global-color-5)","background-image":"","background-repeat":"repeat","background-position":"center center","background-size":"auto","background-attachment":"scroll","background-type":"","background-media":"","overlay-type":"","overlay-color":"","overlay-opacity":"","overlay-gradient":""},"tablet":{"background-color":"var(--ast-global-color-5)","background-image":"","background-repeat":"repeat","background-position":"center center","background-size":"auto","background-attachment":"scroll","background-type":"","background-media":"","overlay-type":"","overlay-color":"","overlay-opacity":"","overlay-gradient":""},"mobile":{"background-color":"var(--ast-global-color-5)","background-image":"","background-repeat":"repeat","background-position":"center center","background-size":"auto","background-attachment":"scroll","background-type":"","background-media":"","overlay-type":"","overlay-color":"","overlay-opacity":"","overlay-gradient":""}},"_joinchat":[]},"product_brand":[],"product_cat":[271,347,277],"product_tag":[263],"class_list":{"0":"post-8588","1":"product","2":"type-product","3":"status-publish","4":"has-post-thumbnail","6":"product_cat-comestibles-de-cannabis","7":"product_cat-cookies-es","8":"product_cat-comestibles-con-thc","9":"product_tag-golosinas-thc","10":"desktop-align-left","11":"tablet-align-left","12":"mobile-align-left","14":"first","15":"outofstock","16":"shipping-taxable","17":"purchasable","18":"product-type-simple"},"yoast_head":"<!-- This site is optimized with the Yoast SEO plugin v27.4 - https:\/\/yoast.com\/product\/yoast-seo-wordpress\/ -->\n<title>Galleta THC - cookie thc - cookie 50mg thc- puffy - thc l\u00e9gale -<\/title>\n<meta name=\"description\" content=\"Galleta THC - cookie thc - cookie 50mg thc- puffy - thc legal - space cookie caramelo - 50mg de thc legal- space cookie casero - thc space cookies\" \/>\n<meta name=\"robots\" content=\"index, follow, max-snippet:-1, max-image-preview:large, max-video-preview:-1\" \/>\n<link rel=\"canonical\" href=\"https:\/\/mypot.fr\/es\/producto\/space-cookies-caramel-puffy-cbd-50mg-thc-50mg\/\" \/>\n<meta property=\"og:locale\" content=\"es_ES\" \/>\n<meta property=\"og:type\" content=\"article\" \/>\n<meta property=\"og:title\" content=\"Galleta THC - cookie thc - cookie 50mg thc- puffy - thc l\u00e9gale -\" \/>\n<meta property=\"og:description\" content=\"Galleta THC - cookie thc - cookie 50mg thc- puffy - thc legal - space cookie caramelo - 50mg de thc legal- space cookie casero - thc space cookies\" \/>\n<meta property=\"og:url\" content=\"https:\/\/mypot.fr\/es\/producto\/space-cookies-caramel-puffy-cbd-50mg-thc-50mg\/\" \/>\n<meta property=\"og:site_name\" content=\"My Pot\" \/>\n<meta property=\"article:modified_time\" content=\"2025-02-24T14:53:04+00:00\" \/>\n<meta property=\"og:image\" content=\"https:\/\/mypot.fr\/wp-content\/uploads\/2024\/09\/Caramel.webp\" \/>\n\t<meta property=\"og:image:width\" content=\"713\" \/>\n\t<meta property=\"og:image:height\" content=\"713\" \/>\n\t<meta property=\"og:image:type\" content=\"image\/webp\" \/>\n<meta name=\"twitter:card\" content=\"summary_large_image\" \/>\n<meta name=\"twitter:label1\" content=\"Tiempo de lectura\" \/>\n\t<meta name=\"twitter:data1\" content=\"2 minutos\" \/>\n<script type=\"application\/ld+json\" class=\"yoast-schema-graph\">{\"@context\":\"https:\\\/\\\/schema.org\",\"@graph\":[{\"@type\":\"WebPage\",\"@id\":\"https:\\\/\\\/mypot.fr\\\/es\\\/producto\\\/space-cookies-caramel-puffy-cbd-50mg-thc-50mg\\\/\",\"url\":\"https:\\\/\\\/mypot.fr\\\/es\\\/producto\\\/space-cookies-caramel-puffy-cbd-50mg-thc-50mg\\\/\",\"name\":\"Galleta THC - cookie thc - cookie 50mg thc- puffy - thc l\u00e9gale -\",\"isPartOf\":{\"@id\":\"https:\\\/\\\/mypot.fr\\\/es\\\/#website\"},\"primaryImageOfPage\":{\"@id\":\"https:\\\/\\\/mypot.fr\\\/es\\\/producto\\\/space-cookies-caramel-puffy-cbd-50mg-thc-50mg\\\/#primaryimage\"},\"image\":{\"@id\":\"https:\\\/\\\/mypot.fr\\\/es\\\/producto\\\/space-cookies-caramel-puffy-cbd-50mg-thc-50mg\\\/#primaryimage\"},\"thumbnailUrl\":\"https:\\\/\\\/mypot.fr\\\/wp-content\\\/uploads\\\/2024\\\/09\\\/Caramel.webp\",\"datePublished\":\"2024-09-13T12:43:47+00:00\",\"dateModified\":\"2025-02-24T14:53:04+00:00\",\"description\":\"Galleta THC - cookie thc - cookie 50mg thc- puffy - thc legal - space cookie caramelo - 50mg de thc legal- space cookie casero - thc space cookies\",\"breadcrumb\":{\"@id\":\"https:\\\/\\\/mypot.fr\\\/es\\\/producto\\\/space-cookies-caramel-puffy-cbd-50mg-thc-50mg\\\/#breadcrumb\"},\"inLanguage\":\"es\",\"potentialAction\":[{\"@type\":\"ReadAction\",\"target\":[\"https:\\\/\\\/mypot.fr\\\/es\\\/producto\\\/space-cookies-caramel-puffy-cbd-50mg-thc-50mg\\\/\"]}]},{\"@type\":\"ImageObject\",\"inLanguage\":\"es\",\"@id\":\"https:\\\/\\\/mypot.fr\\\/es\\\/producto\\\/space-cookies-caramel-puffy-cbd-50mg-thc-50mg\\\/#primaryimage\",\"url\":\"https:\\\/\\\/mypot.fr\\\/wp-content\\\/uploads\\\/2024\\\/09\\\/Caramel.webp\",\"contentUrl\":\"https:\\\/\\\/mypot.fr\\\/wp-content\\\/uploads\\\/2024\\\/09\\\/Caramel.webp\",\"width\":713,\"height\":713,\"caption\":\"space cookies fuera de su embalaje\"},{\"@type\":\"BreadcrumbList\",\"@id\":\"https:\\\/\\\/mypot.fr\\\/es\\\/producto\\\/space-cookies-caramel-puffy-cbd-50mg-thc-50mg\\\/#breadcrumb\",\"itemListElement\":[{\"@type\":\"ListItem\",\"position\":1,\"name\":\"Inicio\",\"item\":\"https:\\\/\\\/mypot.fr\\\/es\\\/\"},{\"@type\":\"ListItem\",\"position\":2,\"name\":\"Boutique\",\"item\":\"https:\\\/\\\/mypot.fr\\\/boutique\\\/\"},{\"@type\":\"ListItem\",\"position\":3,\"name\":\"Space Cookie Caramelo &#8211; PUFFY- CBD 50mg THC 50mg\"}]},{\"@type\":\"WebSite\",\"@id\":\"https:\\\/\\\/mypot.fr\\\/es\\\/#website\",\"url\":\"https:\\\/\\\/mypot.fr\\\/es\\\/\",\"name\":\"My Pot\",\"description\":\"Exp\u00e9riences CDB\",\"publisher\":{\"@id\":\"https:\\\/\\\/mypot.fr\\\/es\\\/#organization\"},\"potentialAction\":[{\"@type\":\"SearchAction\",\"target\":{\"@type\":\"EntryPoint\",\"urlTemplate\":\"https:\\\/\\\/mypot.fr\\\/es\\\/?s={search_term_string}\"},\"query-input\":{\"@type\":\"PropertyValueSpecification\",\"valueRequired\":true,\"valueName\":\"search_term_string\"}}],\"inLanguage\":\"es\"},{\"@type\":\"Organization\",\"@id\":\"https:\\\/\\\/mypot.fr\\\/es\\\/#organization\",\"name\":\"My Pot\",\"url\":\"https:\\\/\\\/mypot.fr\\\/es\\\/\",\"logo\":{\"@type\":\"ImageObject\",\"inLanguage\":\"es\",\"@id\":\"https:\\\/\\\/mypot.fr\\\/es\\\/#\\\/schema\\\/logo\\\/image\\\/\",\"url\":\"https:\\\/\\\/mypot.fr\\\/wp-content\\\/uploads\\\/2023\\\/06\\\/My-Pot-logo.png\",\"contentUrl\":\"https:\\\/\\\/mypot.fr\\\/wp-content\\\/uploads\\\/2023\\\/06\\\/My-Pot-logo.png\",\"width\":812,\"height\":812,\"caption\":\"My Pot\"},\"image\":{\"@id\":\"https:\\\/\\\/mypot.fr\\\/es\\\/#\\\/schema\\\/logo\\\/image\\\/\"}}]}<\/script>\n<!-- \/ Yoast SEO plugin. -->","yoast_head_json":{"title":"Galleta THC - cookie thc - cookie 50mg thc- puffy - thc l\u00e9gale -","description":"Galleta THC - cookie thc - cookie 50mg thc- puffy - thc legal - space cookie caramelo - 50mg de thc legal- space cookie casero - thc space cookies","robots":{"index":"index","follow":"follow","max-snippet":"max-snippet:-1","max-image-preview":"max-image-preview:large","max-video-preview":"max-video-preview:-1"},"canonical":"https:\/\/mypot.fr\/es\/producto\/space-cookies-caramel-puffy-cbd-50mg-thc-50mg\/","og_locale":"es_ES","og_type":"article","og_title":"Galleta THC - cookie thc - cookie 50mg thc- puffy - thc l\u00e9gale -","og_description":"Galleta THC - cookie thc - cookie 50mg thc- puffy - thc legal - space cookie caramelo - 50mg de thc legal- space cookie casero - thc space cookies","og_url":"https:\/\/mypot.fr\/es\/producto\/space-cookies-caramel-puffy-cbd-50mg-thc-50mg\/","og_site_name":"My Pot","article_modified_time":"2025-02-24T14:53:04+00:00","og_image":[{"width":713,"height":713,"url":"https:\/\/mypot.fr\/wp-content\/uploads\/2024\/09\/Caramel.webp","type":"image\/webp"}],"twitter_card":"summary_large_image","twitter_misc":{"Tiempo de lectura":"2 minutos"},"schema":{"@context":"https:\/\/schema.org","@graph":[{"@type":"WebPage","@id":"https:\/\/mypot.fr\/es\/producto\/space-cookies-caramel-puffy-cbd-50mg-thc-50mg\/","url":"https:\/\/mypot.fr\/es\/producto\/space-cookies-caramel-puffy-cbd-50mg-thc-50mg\/","name":"Galleta THC - cookie thc - cookie 50mg thc- puffy - thc l\u00e9gale -","isPartOf":{"@id":"https:\/\/mypot.fr\/es\/#website"},"primaryImageOfPage":{"@id":"https:\/\/mypot.fr\/es\/producto\/space-cookies-caramel-puffy-cbd-50mg-thc-50mg\/#primaryimage"},"image":{"@id":"https:\/\/mypot.fr\/es\/producto\/space-cookies-caramel-puffy-cbd-50mg-thc-50mg\/#primaryimage"},"thumbnailUrl":"https:\/\/mypot.fr\/wp-content\/uploads\/2024\/09\/Caramel.webp","datePublished":"2024-09-13T12:43:47+00:00","dateModified":"2025-02-24T14:53:04+00:00","description":"Galleta THC - cookie thc - cookie 50mg thc- puffy - thc legal - space cookie caramelo - 50mg de thc legal- space cookie casero - thc space cookies","breadcrumb":{"@id":"https:\/\/mypot.fr\/es\/producto\/space-cookies-caramel-puffy-cbd-50mg-thc-50mg\/#breadcrumb"},"inLanguage":"es","potentialAction":[{"@type":"ReadAction","target":["https:\/\/mypot.fr\/es\/producto\/space-cookies-caramel-puffy-cbd-50mg-thc-50mg\/"]}]},{"@type":"ImageObject","inLanguage":"es","@id":"https:\/\/mypot.fr\/es\/producto\/space-cookies-caramel-puffy-cbd-50mg-thc-50mg\/#primaryimage","url":"https:\/\/mypot.fr\/wp-content\/uploads\/2024\/09\/Caramel.webp","contentUrl":"https:\/\/mypot.fr\/wp-content\/uploads\/2024\/09\/Caramel.webp","width":713,"height":713,"caption":"space cookies fuera de su embalaje"},{"@type":"BreadcrumbList","@id":"https:\/\/mypot.fr\/es\/producto\/space-cookies-caramel-puffy-cbd-50mg-thc-50mg\/#breadcrumb","itemListElement":[{"@type":"ListItem","position":1,"name":"Inicio","item":"https:\/\/mypot.fr\/es\/"},{"@type":"ListItem","position":2,"name":"Boutique","item":"https:\/\/mypot.fr\/boutique\/"},{"@type":"ListItem","position":3,"name":"Space Cookie Caramelo &#8211; PUFFY- CBD 50mg THC 50mg"}]},{"@type":"WebSite","@id":"https:\/\/mypot.fr\/es\/#website","url":"https:\/\/mypot.fr\/es\/","name":"My Pot","description":"Exp\u00e9riences CDB","publisher":{"@id":"https:\/\/mypot.fr\/es\/#organization"},"potentialAction":[{"@type":"SearchAction","target":{"@type":"EntryPoint","urlTemplate":"https:\/\/mypot.fr\/es\/?s={search_term_string}"},"query-input":{"@type":"PropertyValueSpecification","valueRequired":true,"valueName":"search_term_string"}}],"inLanguage":"es"},{"@type":"Organization","@id":"https:\/\/mypot.fr\/es\/#organization","name":"My Pot","url":"https:\/\/mypot.fr\/es\/","logo":{"@type":"ImageObject","inLanguage":"es","@id":"https:\/\/mypot.fr\/es\/#\/schema\/logo\/image\/","url":"https:\/\/mypot.fr\/wp-content\/uploads\/2023\/06\/My-Pot-logo.png","contentUrl":"https:\/\/mypot.fr\/wp-content\/uploads\/2023\/06\/My-Pot-logo.png","width":812,"height":812,"caption":"My Pot"},"image":{"@id":"https:\/\/mypot.fr\/es\/#\/schema\/logo\/image\/"}}]}},"_links":{"self":[{"href":"https:\/\/mypot.fr\/es\/wp-json\/wp\/v2\/product\/8588","targetHints":{"allow":["GET"]}}],"collection":[{"href":"https:\/\/mypot.fr\/es\/wp-json\/wp\/v2\/product"}],"about":[{"href":"https:\/\/mypot.fr\/es\/wp-json\/wp\/v2\/types\/product"}],"replies":[{"embeddable":true,"href":"https:\/\/mypot.fr\/es\/wp-json\/wp\/v2\/comments?post=8588"}],"version-history":[{"count":8,"href":"https:\/\/mypot.fr\/es\/wp-json\/wp\/v2\/product\/8588\/revisions"}],"predecessor-version":[{"id":8897,"href":"https:\/\/mypot.fr\/es\/wp-json\/wp\/v2\/product\/8588\/revisions\/8897"}],"wp:featuredmedia":[{"embeddable":true,"href":"https:\/\/mypot.fr\/es\/wp-json\/wp\/v2\/media\/8541"}],"wp:attachment":[{"href":"https:\/\/mypot.fr\/es\/wp-json\/wp\/v2\/media?parent=8588"}],"wp:term":[{"taxonomy":"product_brand","embeddable":true,"href":"https:\/\/mypot.fr\/es\/wp-json\/wp\/v2\/product_brand?post=8588"},{"taxonomy":"product_cat","embeddable":true,"href":"https:\/\/mypot.fr\/es\/wp-json\/wp\/v2\/product_cat?post=8588"},{"taxonomy":"product_tag","embeddable":true,"href":"https:\/\/mypot.fr\/es\/wp-json\/wp\/v2\/product_tag?post=8588"}],"curies":[{"name":"wp","href":"https:\/\/api.w.org\/{rel}","templated":true}]}}