{"id":8103,"date":"2023-05-26T09:37:40","date_gmt":"2023-05-26T07:37:40","guid":{"rendered":"https:\/\/mypot.fr\/produit\/aceite-de-coco-cbd-naturaleza-y-cbd-mct-10-amplio-espectro\/"},"modified":"2025-01-10T18:39:53","modified_gmt":"2025-01-10T18:39:53","slug":"aceite-de-coco-cbd-naturaleza-y-cbd-mct-10-amplio-espectro","status":"publish","type":"product","link":"https:\/\/mypot.fr\/es\/producto\/aceite-de-coco-cbd-naturaleza-y-cbd-mct-10-amplio-espectro\/","title":{"rendered":"Aceite de coco CBD &#8211; Nature &#038; CBD &#8211; MCT 10% Amplio Espectro"},"content":{"rendered":"<p>\u00a1Ven y prueba la nueva receta de amplio espectro! A\u00fan m\u00e1s eficaz gracias a los altos niveles de cannabinoides (CBD, CBG, CBN).<br \/>\nLa gama de aceites MCT Nature y CBD permite disfrutar de un producto de calidad, con un sabor neutro y con una dosis del 10% muy vers\u00e1til.<br \/>\nEl aceite portador utilizado es un aceite de coco MCT con m\u00faltiples cualidades: adem\u00e1s de ser absorbido r\u00e1pidamente por el organismo, la neutralidad de su sabor y olor lo convierte en un producto perfecto para personas sensibles al sabor, a veces demasiado fuerte, de otros aceites de CBD.<\/p>\n<p>Adem\u00e1s, para facilitar la ingesta de este aceite sublingual, cada vial est\u00e1 equipado con una boquilla de pulverizaci\u00f3n para que 1 presi\u00f3n = 3 gotas.<\/p>\n<p>Este producto no es apto para menores de edad ni mujeres embarazadas o en periodo de lactancia.<br \/>\nComposici\u00f3n: Aceite de coco MCT org\u00e1nico, extracto de c\u00e1\u00f1amo multiespectro con CBD y otros cannabinoides (CBG, CBN&#8230;).<\/p>\n","protected":false},"excerpt":{"rendered":"<p>10ml<\/p>\n<p>Amplio espectro (sin THC)<\/p>\n<p>10%CBD<\/p>\n<p>Base de MCT y coco<\/p>\n","protected":false},"featured_media":7402,"comment_status":"open","ping_status":"closed","template":"","meta":{"site-sidebar-layout":"default","site-content-layout":"default","ast-site-content-layout":"default","site-content-style":"default","site-sidebar-style":"default","ast-global-header-display":"","ast-banner-title-visibility":"","ast-main-header-display":"","ast-hfb-above-header-display":"","ast-hfb-below-header-display":"","ast-hfb-mobile-header-display":"","site-post-title":"","ast-breadcrumbs-content":"","ast-featured-img":"","footer-sml-layout":"","ast-disable-related-posts":"","theme-transparent-header-meta":"default","adv-header-id-meta":"","stick-header-meta":"","header-above-stick-meta":"","header-main-stick-meta":"","header-below-stick-meta":"","astra-migrate-meta-layouts":"set","ast-page-background-enabled":"default","ast-page-background-meta":{"desktop":{"background-color":"","background-image":"","background-repeat":"repeat","background-position":"center center","background-size":"auto","background-attachment":"scroll","background-type":"","background-media":"","overlay-type":"","overlay-color":"","overlay-opacity":"","overlay-gradient":""},"tablet":{"background-color":"","background-image":"","background-repeat":"repeat","background-position":"center center","background-size":"auto","background-attachment":"scroll","background-type":"","background-media":"","overlay-type":"","overlay-color":"","overlay-opacity":"","overlay-gradient":""},"mobile":{"background-color":"","background-image":"","background-repeat":"repeat","background-position":"center center","background-size":"auto","background-attachment":"scroll","background-type":"","background-media":"","overlay-type":"","overlay-color":"","overlay-opacity":"","overlay-gradient":""}},"ast-content-background-meta":{"desktop":{"background-color":"var(--ast-global-color-5)","background-image":"","background-repeat":"repeat","background-position":"center center","background-size":"auto","background-attachment":"scroll","background-type":"","background-media":"","overlay-type":"","overlay-color":"","overlay-opacity":"","overlay-gradient":""},"tablet":{"background-color":"var(--ast-global-color-5)","background-image":"","background-repeat":"repeat","background-position":"center center","background-size":"auto","background-attachment":"scroll","background-type":"","background-media":"","overlay-type":"","overlay-color":"","overlay-opacity":"","overlay-gradient":""},"mobile":{"background-color":"var(--ast-global-color-5)","background-image":"","background-repeat":"repeat","background-position":"center center","background-size":"auto","background-attachment":"scroll","background-type":"","background-media":"","overlay-type":"","overlay-color":"","overlay-opacity":"","overlay-gradient":""}},"_joinchat":[]},"product_brand":[],"product_cat":[311],"product_tag":[309],"class_list":{"0":"post-8103","1":"product","2":"type-product","3":"status-publish","4":"has-post-thumbnail","6":"product_cat-aceite","7":"product_tag-naturaleza-y-cbd","8":"desktop-align-left","9":"tablet-align-left","10":"mobile-align-left","12":"first","13":"outofstock","14":"shipping-taxable","15":"purchasable","16":"product-type-simple"},"yoast_head":"<!-- This site is optimized with the Yoast SEO plugin v27.4 - https:\/\/yoast.com\/product\/yoast-seo-wordpress\/ -->\n<title>Aceite de coco CBD - Nature &amp; CBD - MCT 10% Amplio Espectro - My Pot<\/title>\n<meta name=\"description\" content=\"Aceite de CBD Aceite de coco - Aceite de CBD 10% - ACEITE DE CBD MTC- Calidad del aceite de cbd - Nature &amp; CBD - Potente aceite de CBD - Aceite de CBD org\u00e1nico Aceite de CBD -\" \/>\n<meta name=\"robots\" content=\"index, follow, max-snippet:-1, max-image-preview:large, max-video-preview:-1\" \/>\n<link rel=\"canonical\" href=\"https:\/\/mypot.fr\/es\/producto\/aceite-de-coco-cbd-naturaleza-y-cbd-mct-10-amplio-espectro\/\" \/>\n<meta property=\"og:locale\" content=\"es_ES\" \/>\n<meta property=\"og:type\" content=\"article\" \/>\n<meta property=\"og:title\" content=\"Aceite de coco CBD - Nature &amp; CBD - MCT 10% Amplio Espectro - My Pot\" \/>\n<meta property=\"og:description\" content=\"Aceite de CBD Aceite de coco - Aceite de CBD 10% - ACEITE DE CBD MTC- Calidad del aceite de cbd - Nature &amp; CBD - Potente aceite de CBD - Aceite de CBD org\u00e1nico Aceite de CBD -\" \/>\n<meta property=\"og:url\" content=\"https:\/\/mypot.fr\/es\/producto\/aceite-de-coco-cbd-naturaleza-y-cbd-mct-10-amplio-espectro\/\" \/>\n<meta property=\"og:site_name\" content=\"My Pot\" \/>\n<meta property=\"article:modified_time\" content=\"2025-01-10T18:39:53+00:00\" \/>\n<meta property=\"og:image\" content=\"https:\/\/mypot.fr\/wp-content\/uploads\/2023\/05\/Huile-CBD-Coco-Nature-CBD-MCT-10.jpg\" \/>\n\t<meta property=\"og:image:width\" content=\"800\" \/>\n\t<meta property=\"og:image:height\" content=\"800\" \/>\n\t<meta property=\"og:image:type\" content=\"image\/jpeg\" \/>\n<meta name=\"twitter:card\" content=\"summary_large_image\" \/>\n<meta name=\"twitter:label1\" content=\"Tiempo de lectura\" \/>\n\t<meta name=\"twitter:data1\" content=\"1 minuto\" \/>\n<script type=\"application\/ld+json\" class=\"yoast-schema-graph\">{\"@context\":\"https:\\\/\\\/schema.org\",\"@graph\":[{\"@type\":\"WebPage\",\"@id\":\"https:\\\/\\\/mypot.fr\\\/es\\\/producto\\\/aceite-de-coco-cbd-naturaleza-y-cbd-mct-10-amplio-espectro\\\/\",\"url\":\"https:\\\/\\\/mypot.fr\\\/es\\\/producto\\\/aceite-de-coco-cbd-naturaleza-y-cbd-mct-10-amplio-espectro\\\/\",\"name\":\"Aceite de coco CBD - Nature & CBD - MCT 10% Amplio Espectro - My Pot\",\"isPartOf\":{\"@id\":\"https:\\\/\\\/mypot.fr\\\/es\\\/#website\"},\"primaryImageOfPage\":{\"@id\":\"https:\\\/\\\/mypot.fr\\\/es\\\/producto\\\/aceite-de-coco-cbd-naturaleza-y-cbd-mct-10-amplio-espectro\\\/#primaryimage\"},\"image\":{\"@id\":\"https:\\\/\\\/mypot.fr\\\/es\\\/producto\\\/aceite-de-coco-cbd-naturaleza-y-cbd-mct-10-amplio-espectro\\\/#primaryimage\"},\"thumbnailUrl\":\"https:\\\/\\\/mypot.fr\\\/wp-content\\\/uploads\\\/2023\\\/05\\\/Huile-CBD-Coco-Nature-CBD-MCT-10.jpg\",\"datePublished\":\"2023-05-26T07:37:40+00:00\",\"dateModified\":\"2025-01-10T18:39:53+00:00\",\"description\":\"Aceite de CBD Aceite de coco - Aceite de CBD 10% - ACEITE DE CBD MTC- Calidad del aceite de cbd - Nature & CBD - Potente aceite de CBD - Aceite de CBD org\u00e1nico Aceite de CBD -\",\"breadcrumb\":{\"@id\":\"https:\\\/\\\/mypot.fr\\\/es\\\/producto\\\/aceite-de-coco-cbd-naturaleza-y-cbd-mct-10-amplio-espectro\\\/#breadcrumb\"},\"inLanguage\":\"es\",\"potentialAction\":[{\"@type\":\"ReadAction\",\"target\":[\"https:\\\/\\\/mypot.fr\\\/es\\\/producto\\\/aceite-de-coco-cbd-naturaleza-y-cbd-mct-10-amplio-espectro\\\/\"]}]},{\"@type\":\"ImageObject\",\"inLanguage\":\"es\",\"@id\":\"https:\\\/\\\/mypot.fr\\\/es\\\/producto\\\/aceite-de-coco-cbd-naturaleza-y-cbd-mct-10-amplio-espectro\\\/#primaryimage\",\"url\":\"https:\\\/\\\/mypot.fr\\\/wp-content\\\/uploads\\\/2023\\\/05\\\/Huile-CBD-Coco-Nature-CBD-MCT-10.jpg\",\"contentUrl\":\"https:\\\/\\\/mypot.fr\\\/wp-content\\\/uploads\\\/2023\\\/05\\\/Huile-CBD-Coco-Nature-CBD-MCT-10.jpg\",\"width\":800,\"height\":800,\"caption\":\"Embalaje de cart\u00f3n y peque\u00f1a botella de aceite de vidrio.\"},{\"@type\":\"BreadcrumbList\",\"@id\":\"https:\\\/\\\/mypot.fr\\\/es\\\/producto\\\/aceite-de-coco-cbd-naturaleza-y-cbd-mct-10-amplio-espectro\\\/#breadcrumb\",\"itemListElement\":[{\"@type\":\"ListItem\",\"position\":1,\"name\":\"Inicio\",\"item\":\"https:\\\/\\\/mypot.fr\\\/es\\\/\"},{\"@type\":\"ListItem\",\"position\":2,\"name\":\"Boutique\",\"item\":\"https:\\\/\\\/mypot.fr\\\/boutique\\\/\"},{\"@type\":\"ListItem\",\"position\":3,\"name\":\"Aceite de coco CBD &#8211; Nature &#038; CBD &#8211; MCT 10% Amplio Espectro\"}]},{\"@type\":\"WebSite\",\"@id\":\"https:\\\/\\\/mypot.fr\\\/es\\\/#website\",\"url\":\"https:\\\/\\\/mypot.fr\\\/es\\\/\",\"name\":\"My Pot\",\"description\":\"Exp\u00e9riences CDB\",\"publisher\":{\"@id\":\"https:\\\/\\\/mypot.fr\\\/es\\\/#organization\"},\"potentialAction\":[{\"@type\":\"SearchAction\",\"target\":{\"@type\":\"EntryPoint\",\"urlTemplate\":\"https:\\\/\\\/mypot.fr\\\/es\\\/?s={search_term_string}\"},\"query-input\":{\"@type\":\"PropertyValueSpecification\",\"valueRequired\":true,\"valueName\":\"search_term_string\"}}],\"inLanguage\":\"es\"},{\"@type\":\"Organization\",\"@id\":\"https:\\\/\\\/mypot.fr\\\/es\\\/#organization\",\"name\":\"My Pot\",\"url\":\"https:\\\/\\\/mypot.fr\\\/es\\\/\",\"logo\":{\"@type\":\"ImageObject\",\"inLanguage\":\"es\",\"@id\":\"https:\\\/\\\/mypot.fr\\\/es\\\/#\\\/schema\\\/logo\\\/image\\\/\",\"url\":\"https:\\\/\\\/mypot.fr\\\/wp-content\\\/uploads\\\/2023\\\/06\\\/My-Pot-logo.png\",\"contentUrl\":\"https:\\\/\\\/mypot.fr\\\/wp-content\\\/uploads\\\/2023\\\/06\\\/My-Pot-logo.png\",\"width\":812,\"height\":812,\"caption\":\"My Pot\"},\"image\":{\"@id\":\"https:\\\/\\\/mypot.fr\\\/es\\\/#\\\/schema\\\/logo\\\/image\\\/\"}}]}<\/script>\n<!-- \/ Yoast SEO plugin. -->","yoast_head_json":{"title":"Aceite de coco CBD - Nature & CBD - MCT 10% Amplio Espectro - My Pot","description":"Aceite de CBD Aceite de coco - Aceite de CBD 10% - ACEITE DE CBD MTC- Calidad del aceite de cbd - Nature & CBD - Potente aceite de CBD - Aceite de CBD org\u00e1nico Aceite de CBD -","robots":{"index":"index","follow":"follow","max-snippet":"max-snippet:-1","max-image-preview":"max-image-preview:large","max-video-preview":"max-video-preview:-1"},"canonical":"https:\/\/mypot.fr\/es\/producto\/aceite-de-coco-cbd-naturaleza-y-cbd-mct-10-amplio-espectro\/","og_locale":"es_ES","og_type":"article","og_title":"Aceite de coco CBD - Nature & CBD - MCT 10% Amplio Espectro - My Pot","og_description":"Aceite de CBD Aceite de coco - Aceite de CBD 10% - ACEITE DE CBD MTC- Calidad del aceite de cbd - Nature & CBD - Potente aceite de CBD - Aceite de CBD org\u00e1nico Aceite de CBD -","og_url":"https:\/\/mypot.fr\/es\/producto\/aceite-de-coco-cbd-naturaleza-y-cbd-mct-10-amplio-espectro\/","og_site_name":"My Pot","article_modified_time":"2025-01-10T18:39:53+00:00","og_image":[{"width":800,"height":800,"url":"https:\/\/mypot.fr\/wp-content\/uploads\/2023\/05\/Huile-CBD-Coco-Nature-CBD-MCT-10.jpg","type":"image\/jpeg"}],"twitter_card":"summary_large_image","twitter_misc":{"Tiempo de lectura":"1 minuto"},"schema":{"@context":"https:\/\/schema.org","@graph":[{"@type":"WebPage","@id":"https:\/\/mypot.fr\/es\/producto\/aceite-de-coco-cbd-naturaleza-y-cbd-mct-10-amplio-espectro\/","url":"https:\/\/mypot.fr\/es\/producto\/aceite-de-coco-cbd-naturaleza-y-cbd-mct-10-amplio-espectro\/","name":"Aceite de coco CBD - Nature & CBD - MCT 10% Amplio Espectro - My Pot","isPartOf":{"@id":"https:\/\/mypot.fr\/es\/#website"},"primaryImageOfPage":{"@id":"https:\/\/mypot.fr\/es\/producto\/aceite-de-coco-cbd-naturaleza-y-cbd-mct-10-amplio-espectro\/#primaryimage"},"image":{"@id":"https:\/\/mypot.fr\/es\/producto\/aceite-de-coco-cbd-naturaleza-y-cbd-mct-10-amplio-espectro\/#primaryimage"},"thumbnailUrl":"https:\/\/mypot.fr\/wp-content\/uploads\/2023\/05\/Huile-CBD-Coco-Nature-CBD-MCT-10.jpg","datePublished":"2023-05-26T07:37:40+00:00","dateModified":"2025-01-10T18:39:53+00:00","description":"Aceite de CBD Aceite de coco - Aceite de CBD 10% - ACEITE DE CBD MTC- Calidad del aceite de cbd - Nature & CBD - Potente aceite de CBD - Aceite de CBD org\u00e1nico Aceite de CBD -","breadcrumb":{"@id":"https:\/\/mypot.fr\/es\/producto\/aceite-de-coco-cbd-naturaleza-y-cbd-mct-10-amplio-espectro\/#breadcrumb"},"inLanguage":"es","potentialAction":[{"@type":"ReadAction","target":["https:\/\/mypot.fr\/es\/producto\/aceite-de-coco-cbd-naturaleza-y-cbd-mct-10-amplio-espectro\/"]}]},{"@type":"ImageObject","inLanguage":"es","@id":"https:\/\/mypot.fr\/es\/producto\/aceite-de-coco-cbd-naturaleza-y-cbd-mct-10-amplio-espectro\/#primaryimage","url":"https:\/\/mypot.fr\/wp-content\/uploads\/2023\/05\/Huile-CBD-Coco-Nature-CBD-MCT-10.jpg","contentUrl":"https:\/\/mypot.fr\/wp-content\/uploads\/2023\/05\/Huile-CBD-Coco-Nature-CBD-MCT-10.jpg","width":800,"height":800,"caption":"Embalaje de cart\u00f3n y peque\u00f1a botella de aceite de vidrio."},{"@type":"BreadcrumbList","@id":"https:\/\/mypot.fr\/es\/producto\/aceite-de-coco-cbd-naturaleza-y-cbd-mct-10-amplio-espectro\/#breadcrumb","itemListElement":[{"@type":"ListItem","position":1,"name":"Inicio","item":"https:\/\/mypot.fr\/es\/"},{"@type":"ListItem","position":2,"name":"Boutique","item":"https:\/\/mypot.fr\/boutique\/"},{"@type":"ListItem","position":3,"name":"Aceite de coco CBD &#8211; Nature &#038; CBD &#8211; MCT 10% Amplio Espectro"}]},{"@type":"WebSite","@id":"https:\/\/mypot.fr\/es\/#website","url":"https:\/\/mypot.fr\/es\/","name":"My Pot","description":"Exp\u00e9riences CDB","publisher":{"@id":"https:\/\/mypot.fr\/es\/#organization"},"potentialAction":[{"@type":"SearchAction","target":{"@type":"EntryPoint","urlTemplate":"https:\/\/mypot.fr\/es\/?s={search_term_string}"},"query-input":{"@type":"PropertyValueSpecification","valueRequired":true,"valueName":"search_term_string"}}],"inLanguage":"es"},{"@type":"Organization","@id":"https:\/\/mypot.fr\/es\/#organization","name":"My Pot","url":"https:\/\/mypot.fr\/es\/","logo":{"@type":"ImageObject","inLanguage":"es","@id":"https:\/\/mypot.fr\/es\/#\/schema\/logo\/image\/","url":"https:\/\/mypot.fr\/wp-content\/uploads\/2023\/06\/My-Pot-logo.png","contentUrl":"https:\/\/mypot.fr\/wp-content\/uploads\/2023\/06\/My-Pot-logo.png","width":812,"height":812,"caption":"My Pot"},"image":{"@id":"https:\/\/mypot.fr\/es\/#\/schema\/logo\/image\/"}}]}},"_links":{"self":[{"href":"https:\/\/mypot.fr\/es\/wp-json\/wp\/v2\/product\/8103","targetHints":{"allow":["GET"]}}],"collection":[{"href":"https:\/\/mypot.fr\/es\/wp-json\/wp\/v2\/product"}],"about":[{"href":"https:\/\/mypot.fr\/es\/wp-json\/wp\/v2\/types\/product"}],"replies":[{"embeddable":true,"href":"https:\/\/mypot.fr\/es\/wp-json\/wp\/v2\/comments?post=8103"}],"version-history":[{"count":4,"href":"https:\/\/mypot.fr\/es\/wp-json\/wp\/v2\/product\/8103\/revisions"}],"predecessor-version":[{"id":9311,"href":"https:\/\/mypot.fr\/es\/wp-json\/wp\/v2\/product\/8103\/revisions\/9311"}],"wp:featuredmedia":[{"embeddable":true,"href":"https:\/\/mypot.fr\/es\/wp-json\/wp\/v2\/media\/7402"}],"wp:attachment":[{"href":"https:\/\/mypot.fr\/es\/wp-json\/wp\/v2\/media?parent=8103"}],"wp:term":[{"taxonomy":"product_brand","embeddable":true,"href":"https:\/\/mypot.fr\/es\/wp-json\/wp\/v2\/product_brand?post=8103"},{"taxonomy":"product_cat","embeddable":true,"href":"https:\/\/mypot.fr\/es\/wp-json\/wp\/v2\/product_cat?post=8103"},{"taxonomy":"product_tag","embeddable":true,"href":"https:\/\/mypot.fr\/es\/wp-json\/wp\/v2\/product_tag?post=8103"}],"curies":[{"name":"wp","href":"https:\/\/api.w.org\/{rel}","templated":true}]}}