{"id":8093,"date":"2023-05-26T09:42:41","date_gmt":"2023-05-26T07:42:41","guid":{"rendered":"https:\/\/mypot.fr\/produit\/symbiosis-cbd-aceite-para-el-alivio-del-dolor-naturaleza-y-cbd-cbd-10-amplio-espectro\/"},"modified":"2025-01-10T18:40:27","modified_gmt":"2025-01-10T18:40:27","slug":"symbiosis-cbd-aceite-para-el-alivio-del-dolor-naturaleza-y-cbd-cbd-10-amplio-espectro","status":"publish","type":"product","link":"https:\/\/mypot.fr\/es\/producto\/symbiosis-cbd-aceite-para-el-alivio-del-dolor-naturaleza-y-cbd-cbd-10-amplio-espectro\/","title":{"rendered":"Aceite de CBD para el Alivio del Dolor &#8211; Nature &#038; CBD &#8211; 10% Amplio Espectro"},"content":{"rendered":"<p>Este aceite analg\u00e9sico de 10 ml contiene 1000 mg de CBD (unos 5 mg por gota), extractos de ortiga y reina de los prados.<br \/>\nLa base de aceite de coco facilita la asimilaci\u00f3n de esta mol\u00e9cula por parte del organismo.<br \/>\nAl combinar el aspecto antiinflamatorio del CBD y las plantas, este aceite analg\u00e9sico est\u00e1 dise\u00f1ado para anticipar y calmar los ataques de dolor puntuales o cr\u00f3nicos. Relajante y relajante, el aceite analg\u00e9sico es tu mejor aliado en la lucha diaria contra el dolor.<\/p>\n<p>Este producto no es apto para menores de edad ni mujeres embarazadas o en periodo de lactancia.<br \/>\nComposici\u00f3n: aceite de coco MCT org\u00e1nico, extracto de c\u00e1\u00f1amo multiespectro con CBD y otros cannabinoides (CBG, CBN&#8230;), ortiga, reina de los prados<\/p>\n","protected":false},"excerpt":{"rendered":"<p>Multi espectro.<\/p>\n<p>Base de MCT.<\/p>\n<p>Sin THC<\/p>\n","protected":false},"featured_media":7314,"comment_status":"open","ping_status":"closed","template":"","meta":{"site-sidebar-layout":"default","site-content-layout":"default","ast-site-content-layout":"default","site-content-style":"default","site-sidebar-style":"default","ast-global-header-display":"","ast-banner-title-visibility":"","ast-main-header-display":"","ast-hfb-above-header-display":"","ast-hfb-below-header-display":"","ast-hfb-mobile-header-display":"","site-post-title":"","ast-breadcrumbs-content":"","ast-featured-img":"","footer-sml-layout":"","ast-disable-related-posts":"","theme-transparent-header-meta":"default","adv-header-id-meta":"","stick-header-meta":"","header-above-stick-meta":"","header-main-stick-meta":"","header-below-stick-meta":"","astra-migrate-meta-layouts":"set","ast-page-background-enabled":"default","ast-page-background-meta":{"desktop":{"background-color":"","background-image":"","background-repeat":"repeat","background-position":"center center","background-size":"auto","background-attachment":"scroll","background-type":"","background-media":"","overlay-type":"","overlay-color":"","overlay-opacity":"","overlay-gradient":""},"tablet":{"background-color":"","background-image":"","background-repeat":"repeat","background-position":"center center","background-size":"auto","background-attachment":"scroll","background-type":"","background-media":"","overlay-type":"","overlay-color":"","overlay-opacity":"","overlay-gradient":""},"mobile":{"background-color":"","background-image":"","background-repeat":"repeat","background-position":"center center","background-size":"auto","background-attachment":"scroll","background-type":"","background-media":"","overlay-type":"","overlay-color":"","overlay-opacity":"","overlay-gradient":""}},"ast-content-background-meta":{"desktop":{"background-color":"var(--ast-global-color-5)","background-image":"","background-repeat":"repeat","background-position":"center center","background-size":"auto","background-attachment":"scroll","background-type":"","background-media":"","overlay-type":"","overlay-color":"","overlay-opacity":"","overlay-gradient":""},"tablet":{"background-color":"var(--ast-global-color-5)","background-image":"","background-repeat":"repeat","background-position":"center center","background-size":"auto","background-attachment":"scroll","background-type":"","background-media":"","overlay-type":"","overlay-color":"","overlay-opacity":"","overlay-gradient":""},"mobile":{"background-color":"var(--ast-global-color-5)","background-image":"","background-repeat":"repeat","background-position":"center center","background-size":"auto","background-attachment":"scroll","background-type":"","background-media":"","overlay-type":"","overlay-color":"","overlay-opacity":"","overlay-gradient":""}},"_joinchat":[]},"product_brand":[],"product_cat":[311],"product_tag":[309],"class_list":{"0":"post-8093","1":"product","2":"type-product","3":"status-publish","4":"has-post-thumbnail","6":"product_cat-aceite","7":"product_tag-naturaleza-y-cbd","8":"desktop-align-left","9":"tablet-align-left","10":"mobile-align-left","12":"first","13":"outofstock","14":"shipping-taxable","15":"purchasable","16":"product-type-simple"},"yoast_head":"<!-- This site is optimized with the Yoast SEO plugin v27.4 - https:\/\/yoast.com\/product\/yoast-seo-wordpress\/ -->\n<title>Aceite de CBD Alivio del Dolor - Aceite de CBD 10% - Aceite de CBD MTC- &amp; CBD<\/title>\n<meta name=\"description\" content=\"Aceite de CBD Alivio del dolor - Aceite de CBD 10% - Nature &amp; CBD - CBD Oil 10% Aceite de CBD SEP de amplio espectro - Aceite de CBD - del aceite - MTC barato\" \/>\n<meta name=\"robots\" content=\"index, follow, max-snippet:-1, max-image-preview:large, max-video-preview:-1\" \/>\n<link rel=\"canonical\" href=\"https:\/\/mypot.fr\/es\/producto\/symbiosis-cbd-aceite-para-el-alivio-del-dolor-naturaleza-y-cbd-cbd-10-amplio-espectro\/\" \/>\n<meta property=\"og:locale\" content=\"es_ES\" \/>\n<meta property=\"og:type\" content=\"article\" \/>\n<meta property=\"og:title\" content=\"Aceite de CBD Alivio del Dolor - Aceite de CBD 10% - Aceite de CBD MTC- &amp; CBD\" \/>\n<meta property=\"og:description\" content=\"Aceite de CBD Alivio del dolor - Aceite de CBD 10% - Nature &amp; CBD - CBD Oil 10% Aceite de CBD SEP de amplio espectro - Aceite de CBD - del aceite - MTC barato\" \/>\n<meta property=\"og:url\" content=\"https:\/\/mypot.fr\/es\/producto\/symbiosis-cbd-aceite-para-el-alivio-del-dolor-naturaleza-y-cbd-cbd-10-amplio-espectro\/\" \/>\n<meta property=\"og:site_name\" content=\"My Pot\" \/>\n<meta property=\"article:modified_time\" content=\"2025-01-10T18:40:27+00:00\" \/>\n<meta property=\"og:image\" content=\"https:\/\/mypot.fr\/wp-content\/uploads\/2023\/05\/huile-anti-douleur-au-cbd-10_-symbiose.jpg\" \/>\n\t<meta property=\"og:image:width\" content=\"800\" \/>\n\t<meta property=\"og:image:height\" content=\"800\" \/>\n\t<meta property=\"og:image:type\" content=\"image\/jpeg\" \/>\n<meta name=\"twitter:card\" content=\"summary_large_image\" \/>\n<meta name=\"twitter:label1\" content=\"Tiempo de lectura\" \/>\n\t<meta name=\"twitter:data1\" content=\"1 minuto\" \/>\n<script type=\"application\/ld+json\" class=\"yoast-schema-graph\">{\"@context\":\"https:\\\/\\\/schema.org\",\"@graph\":[{\"@type\":\"WebPage\",\"@id\":\"https:\\\/\\\/mypot.fr\\\/es\\\/producto\\\/symbiosis-cbd-aceite-para-el-alivio-del-dolor-naturaleza-y-cbd-cbd-10-amplio-espectro\\\/\",\"url\":\"https:\\\/\\\/mypot.fr\\\/es\\\/producto\\\/symbiosis-cbd-aceite-para-el-alivio-del-dolor-naturaleza-y-cbd-cbd-10-amplio-espectro\\\/\",\"name\":\"Aceite de CBD Alivio del Dolor - Aceite de CBD 10% - Aceite de CBD MTC- & CBD\",\"isPartOf\":{\"@id\":\"https:\\\/\\\/mypot.fr\\\/es\\\/#website\"},\"primaryImageOfPage\":{\"@id\":\"https:\\\/\\\/mypot.fr\\\/es\\\/producto\\\/symbiosis-cbd-aceite-para-el-alivio-del-dolor-naturaleza-y-cbd-cbd-10-amplio-espectro\\\/#primaryimage\"},\"image\":{\"@id\":\"https:\\\/\\\/mypot.fr\\\/es\\\/producto\\\/symbiosis-cbd-aceite-para-el-alivio-del-dolor-naturaleza-y-cbd-cbd-10-amplio-espectro\\\/#primaryimage\"},\"thumbnailUrl\":\"https:\\\/\\\/mypot.fr\\\/wp-content\\\/uploads\\\/2023\\\/05\\\/huile-anti-douleur-au-cbd-10_-symbiose.jpg\",\"datePublished\":\"2023-05-26T07:42:41+00:00\",\"dateModified\":\"2025-01-10T18:40:27+00:00\",\"description\":\"Aceite de CBD Alivio del dolor - Aceite de CBD 10% - Nature & CBD - CBD Oil 10% Aceite de CBD SEP de amplio espectro - Aceite de CBD - del aceite - MTC barato\",\"breadcrumb\":{\"@id\":\"https:\\\/\\\/mypot.fr\\\/es\\\/producto\\\/symbiosis-cbd-aceite-para-el-alivio-del-dolor-naturaleza-y-cbd-cbd-10-amplio-espectro\\\/#breadcrumb\"},\"inLanguage\":\"es\",\"potentialAction\":[{\"@type\":\"ReadAction\",\"target\":[\"https:\\\/\\\/mypot.fr\\\/es\\\/producto\\\/symbiosis-cbd-aceite-para-el-alivio-del-dolor-naturaleza-y-cbd-cbd-10-amplio-espectro\\\/\"]}]},{\"@type\":\"ImageObject\",\"inLanguage\":\"es\",\"@id\":\"https:\\\/\\\/mypot.fr\\\/es\\\/producto\\\/symbiosis-cbd-aceite-para-el-alivio-del-dolor-naturaleza-y-cbd-cbd-10-amplio-espectro\\\/#primaryimage\",\"url\":\"https:\\\/\\\/mypot.fr\\\/wp-content\\\/uploads\\\/2023\\\/05\\\/huile-anti-douleur-au-cbd-10_-symbiose.jpg\",\"contentUrl\":\"https:\\\/\\\/mypot.fr\\\/wp-content\\\/uploads\\\/2023\\\/05\\\/huile-anti-douleur-au-cbd-10_-symbiose.jpg\",\"width\":800,\"height\":800,\"caption\":\"Botella de aceite y embalaje.\"},{\"@type\":\"BreadcrumbList\",\"@id\":\"https:\\\/\\\/mypot.fr\\\/es\\\/producto\\\/symbiosis-cbd-aceite-para-el-alivio-del-dolor-naturaleza-y-cbd-cbd-10-amplio-espectro\\\/#breadcrumb\",\"itemListElement\":[{\"@type\":\"ListItem\",\"position\":1,\"name\":\"Inicio\",\"item\":\"https:\\\/\\\/mypot.fr\\\/es\\\/\"},{\"@type\":\"ListItem\",\"position\":2,\"name\":\"Boutique\",\"item\":\"https:\\\/\\\/mypot.fr\\\/boutique\\\/\"},{\"@type\":\"ListItem\",\"position\":3,\"name\":\"Aceite de CBD para el Alivio del Dolor &#8211; Nature &#038; CBD &#8211; 10% Amplio Espectro\"}]},{\"@type\":\"WebSite\",\"@id\":\"https:\\\/\\\/mypot.fr\\\/es\\\/#website\",\"url\":\"https:\\\/\\\/mypot.fr\\\/es\\\/\",\"name\":\"My Pot\",\"description\":\"Exp\u00e9riences CDB\",\"publisher\":{\"@id\":\"https:\\\/\\\/mypot.fr\\\/es\\\/#organization\"},\"potentialAction\":[{\"@type\":\"SearchAction\",\"target\":{\"@type\":\"EntryPoint\",\"urlTemplate\":\"https:\\\/\\\/mypot.fr\\\/es\\\/?s={search_term_string}\"},\"query-input\":{\"@type\":\"PropertyValueSpecification\",\"valueRequired\":true,\"valueName\":\"search_term_string\"}}],\"inLanguage\":\"es\"},{\"@type\":\"Organization\",\"@id\":\"https:\\\/\\\/mypot.fr\\\/es\\\/#organization\",\"name\":\"My Pot\",\"url\":\"https:\\\/\\\/mypot.fr\\\/es\\\/\",\"logo\":{\"@type\":\"ImageObject\",\"inLanguage\":\"es\",\"@id\":\"https:\\\/\\\/mypot.fr\\\/es\\\/#\\\/schema\\\/logo\\\/image\\\/\",\"url\":\"https:\\\/\\\/mypot.fr\\\/wp-content\\\/uploads\\\/2023\\\/06\\\/My-Pot-logo.png\",\"contentUrl\":\"https:\\\/\\\/mypot.fr\\\/wp-content\\\/uploads\\\/2023\\\/06\\\/My-Pot-logo.png\",\"width\":812,\"height\":812,\"caption\":\"My Pot\"},\"image\":{\"@id\":\"https:\\\/\\\/mypot.fr\\\/es\\\/#\\\/schema\\\/logo\\\/image\\\/\"}}]}<\/script>\n<!-- \/ Yoast SEO plugin. -->","yoast_head_json":{"title":"Aceite de CBD Alivio del Dolor - Aceite de CBD 10% - Aceite de CBD MTC- & CBD","description":"Aceite de CBD Alivio del dolor - Aceite de CBD 10% - Nature & CBD - CBD Oil 10% Aceite de CBD SEP de amplio espectro - Aceite de CBD - del aceite - MTC barato","robots":{"index":"index","follow":"follow","max-snippet":"max-snippet:-1","max-image-preview":"max-image-preview:large","max-video-preview":"max-video-preview:-1"},"canonical":"https:\/\/mypot.fr\/es\/producto\/symbiosis-cbd-aceite-para-el-alivio-del-dolor-naturaleza-y-cbd-cbd-10-amplio-espectro\/","og_locale":"es_ES","og_type":"article","og_title":"Aceite de CBD Alivio del Dolor - Aceite de CBD 10% - Aceite de CBD MTC- & CBD","og_description":"Aceite de CBD Alivio del dolor - Aceite de CBD 10% - Nature & CBD - CBD Oil 10% Aceite de CBD SEP de amplio espectro - Aceite de CBD - del aceite - MTC barato","og_url":"https:\/\/mypot.fr\/es\/producto\/symbiosis-cbd-aceite-para-el-alivio-del-dolor-naturaleza-y-cbd-cbd-10-amplio-espectro\/","og_site_name":"My Pot","article_modified_time":"2025-01-10T18:40:27+00:00","og_image":[{"width":800,"height":800,"url":"https:\/\/mypot.fr\/wp-content\/uploads\/2023\/05\/huile-anti-douleur-au-cbd-10_-symbiose.jpg","type":"image\/jpeg"}],"twitter_card":"summary_large_image","twitter_misc":{"Tiempo de lectura":"1 minuto"},"schema":{"@context":"https:\/\/schema.org","@graph":[{"@type":"WebPage","@id":"https:\/\/mypot.fr\/es\/producto\/symbiosis-cbd-aceite-para-el-alivio-del-dolor-naturaleza-y-cbd-cbd-10-amplio-espectro\/","url":"https:\/\/mypot.fr\/es\/producto\/symbiosis-cbd-aceite-para-el-alivio-del-dolor-naturaleza-y-cbd-cbd-10-amplio-espectro\/","name":"Aceite de CBD Alivio del Dolor - Aceite de CBD 10% - Aceite de CBD MTC- & CBD","isPartOf":{"@id":"https:\/\/mypot.fr\/es\/#website"},"primaryImageOfPage":{"@id":"https:\/\/mypot.fr\/es\/producto\/symbiosis-cbd-aceite-para-el-alivio-del-dolor-naturaleza-y-cbd-cbd-10-amplio-espectro\/#primaryimage"},"image":{"@id":"https:\/\/mypot.fr\/es\/producto\/symbiosis-cbd-aceite-para-el-alivio-del-dolor-naturaleza-y-cbd-cbd-10-amplio-espectro\/#primaryimage"},"thumbnailUrl":"https:\/\/mypot.fr\/wp-content\/uploads\/2023\/05\/huile-anti-douleur-au-cbd-10_-symbiose.jpg","datePublished":"2023-05-26T07:42:41+00:00","dateModified":"2025-01-10T18:40:27+00:00","description":"Aceite de CBD Alivio del dolor - Aceite de CBD 10% - Nature & CBD - CBD Oil 10% Aceite de CBD SEP de amplio espectro - Aceite de CBD - del aceite - MTC barato","breadcrumb":{"@id":"https:\/\/mypot.fr\/es\/producto\/symbiosis-cbd-aceite-para-el-alivio-del-dolor-naturaleza-y-cbd-cbd-10-amplio-espectro\/#breadcrumb"},"inLanguage":"es","potentialAction":[{"@type":"ReadAction","target":["https:\/\/mypot.fr\/es\/producto\/symbiosis-cbd-aceite-para-el-alivio-del-dolor-naturaleza-y-cbd-cbd-10-amplio-espectro\/"]}]},{"@type":"ImageObject","inLanguage":"es","@id":"https:\/\/mypot.fr\/es\/producto\/symbiosis-cbd-aceite-para-el-alivio-del-dolor-naturaleza-y-cbd-cbd-10-amplio-espectro\/#primaryimage","url":"https:\/\/mypot.fr\/wp-content\/uploads\/2023\/05\/huile-anti-douleur-au-cbd-10_-symbiose.jpg","contentUrl":"https:\/\/mypot.fr\/wp-content\/uploads\/2023\/05\/huile-anti-douleur-au-cbd-10_-symbiose.jpg","width":800,"height":800,"caption":"Botella de aceite y embalaje."},{"@type":"BreadcrumbList","@id":"https:\/\/mypot.fr\/es\/producto\/symbiosis-cbd-aceite-para-el-alivio-del-dolor-naturaleza-y-cbd-cbd-10-amplio-espectro\/#breadcrumb","itemListElement":[{"@type":"ListItem","position":1,"name":"Inicio","item":"https:\/\/mypot.fr\/es\/"},{"@type":"ListItem","position":2,"name":"Boutique","item":"https:\/\/mypot.fr\/boutique\/"},{"@type":"ListItem","position":3,"name":"Aceite de CBD para el Alivio del Dolor &#8211; Nature &#038; CBD &#8211; 10% Amplio Espectro"}]},{"@type":"WebSite","@id":"https:\/\/mypot.fr\/es\/#website","url":"https:\/\/mypot.fr\/es\/","name":"My Pot","description":"Exp\u00e9riences CDB","publisher":{"@id":"https:\/\/mypot.fr\/es\/#organization"},"potentialAction":[{"@type":"SearchAction","target":{"@type":"EntryPoint","urlTemplate":"https:\/\/mypot.fr\/es\/?s={search_term_string}"},"query-input":{"@type":"PropertyValueSpecification","valueRequired":true,"valueName":"search_term_string"}}],"inLanguage":"es"},{"@type":"Organization","@id":"https:\/\/mypot.fr\/es\/#organization","name":"My Pot","url":"https:\/\/mypot.fr\/es\/","logo":{"@type":"ImageObject","inLanguage":"es","@id":"https:\/\/mypot.fr\/es\/#\/schema\/logo\/image\/","url":"https:\/\/mypot.fr\/wp-content\/uploads\/2023\/06\/My-Pot-logo.png","contentUrl":"https:\/\/mypot.fr\/wp-content\/uploads\/2023\/06\/My-Pot-logo.png","width":812,"height":812,"caption":"My Pot"},"image":{"@id":"https:\/\/mypot.fr\/es\/#\/schema\/logo\/image\/"}}]}},"_links":{"self":[{"href":"https:\/\/mypot.fr\/es\/wp-json\/wp\/v2\/product\/8093","targetHints":{"allow":["GET"]}}],"collection":[{"href":"https:\/\/mypot.fr\/es\/wp-json\/wp\/v2\/product"}],"about":[{"href":"https:\/\/mypot.fr\/es\/wp-json\/wp\/v2\/types\/product"}],"replies":[{"embeddable":true,"href":"https:\/\/mypot.fr\/es\/wp-json\/wp\/v2\/comments?post=8093"}],"version-history":[{"count":4,"href":"https:\/\/mypot.fr\/es\/wp-json\/wp\/v2\/product\/8093\/revisions"}],"predecessor-version":[{"id":9310,"href":"https:\/\/mypot.fr\/es\/wp-json\/wp\/v2\/product\/8093\/revisions\/9310"}],"wp:featuredmedia":[{"embeddable":true,"href":"https:\/\/mypot.fr\/es\/wp-json\/wp\/v2\/media\/7314"}],"wp:attachment":[{"href":"https:\/\/mypot.fr\/es\/wp-json\/wp\/v2\/media?parent=8093"}],"wp:term":[{"taxonomy":"product_brand","embeddable":true,"href":"https:\/\/mypot.fr\/es\/wp-json\/wp\/v2\/product_brand?post=8093"},{"taxonomy":"product_cat","embeddable":true,"href":"https:\/\/mypot.fr\/es\/wp-json\/wp\/v2\/product_cat?post=8093"},{"taxonomy":"product_tag","embeddable":true,"href":"https:\/\/mypot.fr\/es\/wp-json\/wp\/v2\/product_tag?post=8093"}],"curies":[{"name":"wp","href":"https:\/\/api.w.org\/{rel}","templated":true}]}}