{"id":8066,"date":"2023-05-26T09:49:08","date_gmt":"2023-05-26T07:49:08","guid":{"rendered":"https:\/\/mypot.fr\/produit\/aceite-10-ml-nobilis-10-cbd-full-spectrum\/"},"modified":"2024-03-26T09:36:34","modified_gmt":"2024-03-26T09:36:34","slug":"aceite-10-ml-nobilis-10-cbd-full-spectrum","status":"publish","type":"product","link":"https:\/\/mypot.fr\/es\/producto\/aceite-10-ml-nobilis-10-cbd-full-spectrum\/","title":{"rendered":"Aceite 10 ml &#8211; Nobilis &#8211; 10% CBD Full Spectrum"},"content":{"rendered":"<p>El aceite de CBD de espectro completo 10% de Nobilis Product es la formulaci\u00f3n menos concentrada de la gama de aceites de CBD de espectro completo.<br \/>\nEs ideal si est\u00e1s empezando tu experiencia con los extractos de cannabis, as\u00ed como para una ingesta repartida a lo largo del d\u00eda.<\/p>\n<p>A diferencia de la mayor\u00eda de los aceites de CBD que se encuentran en el mercado, en los aceites de Nobilis no se han utilizado disolventes potencialmente da\u00f1inos. Por lo tanto, la savia cruda (savia de c\u00e1\u00f1amo) contenida en este aceite es extremadamente pura.<br \/>\nSeg\u00fan algunos expertos, los aceites Full Spectrum son los m\u00e1s efectivos, ya que permiten aprovechar el efecto s\u00e9quito. Esto se debe a que los ingredientes activos del c\u00e1\u00f1amo parecen funcionar de forma sin\u00e9rgica. En otras palabras, las propiedades antiestr\u00e9s, antiinflamatorias y analg\u00e9sicas que algunos estudios atribuyen al CBD ser\u00edan m\u00e1s efectivas cuando est\u00e1 en presencia de todo el bagaje molecular de la planta.<br \/>\nEn resumen, los aceites Nobilis Full Spectrum te ofrecen lo mejor del cannabis de forma natural y saludable.<\/p>\n<p>Un frasco de 10 ml equivale aproximadamente a 200 gotas. Almacenar en un lugar oscuro.<br \/>\n\u2013 No se admiten menores de edad.<br \/>\n\u2013 No recomendado para ni\u00f1os y mujeres embarazadas o en periodo de lactancia.<\/p>\n","protected":false},"excerpt":{"rendered":"<p>Aceite de CBD 10%<\/p>\n<p>Espectro completo<\/p>\n<p>10ml<\/p>\n","protected":false},"featured_media":7318,"comment_status":"open","ping_status":"closed","template":"","meta":{"site-sidebar-layout":"default","site-content-layout":"default","ast-site-content-layout":"default","site-content-style":"default","site-sidebar-style":"default","ast-global-header-display":"","ast-banner-title-visibility":"","ast-main-header-display":"","ast-hfb-above-header-display":"","ast-hfb-below-header-display":"","ast-hfb-mobile-header-display":"","site-post-title":"","ast-breadcrumbs-content":"","ast-featured-img":"","footer-sml-layout":"","ast-disable-related-posts":"","theme-transparent-header-meta":"default","adv-header-id-meta":"","stick-header-meta":"","header-above-stick-meta":"","header-main-stick-meta":"","header-below-stick-meta":"","astra-migrate-meta-layouts":"default","ast-page-background-enabled":"default","ast-page-background-meta":{"desktop":{"background-color":"","background-image":"","background-repeat":"repeat","background-position":"center center","background-size":"auto","background-attachment":"scroll","background-type":"","background-media":"","overlay-type":"","overlay-color":"","overlay-opacity":"","overlay-gradient":""},"tablet":{"background-color":"","background-image":"","background-repeat":"repeat","background-position":"center center","background-size":"auto","background-attachment":"scroll","background-type":"","background-media":"","overlay-type":"","overlay-color":"","overlay-opacity":"","overlay-gradient":""},"mobile":{"background-color":"","background-image":"","background-repeat":"repeat","background-position":"center center","background-size":"auto","background-attachment":"scroll","background-type":"","background-media":"","overlay-type":"","overlay-color":"","overlay-opacity":"","overlay-gradient":""}},"ast-content-background-meta":{"desktop":{"background-color":"var(--ast-global-color-5)","background-image":"","background-repeat":"repeat","background-position":"center center","background-size":"auto","background-attachment":"scroll","background-type":"","background-media":"","overlay-type":"","overlay-color":"","overlay-opacity":"","overlay-gradient":""},"tablet":{"background-color":"var(--ast-global-color-5)","background-image":"","background-repeat":"repeat","background-position":"center center","background-size":"auto","background-attachment":"scroll","background-type":"","background-media":"","overlay-type":"","overlay-color":"","overlay-opacity":"","overlay-gradient":""},"mobile":{"background-color":"var(--ast-global-color-5)","background-image":"","background-repeat":"repeat","background-position":"center center","background-size":"auto","background-attachment":"scroll","background-type":"","background-media":"","overlay-type":"","overlay-color":"","overlay-opacity":"","overlay-gradient":""}},"_joinchat":[]},"product_brand":[],"product_cat":[311],"product_tag":[310],"class_list":{"0":"post-8066","1":"product","2":"type-product","3":"status-publish","4":"has-post-thumbnail","6":"product_cat-aceite","7":"product_tag-aceite-nobilis","8":"desktop-align-left","9":"tablet-align-left","10":"mobile-align-left","12":"first","13":"outofstock","14":"shipping-taxable","15":"purchasable","16":"product-type-simple"},"yoast_head":"<!-- This site is optimized with the Yoast SEO plugin v27.4 - https:\/\/yoast.com\/product\/yoast-seo-wordpress\/ -->\n<title>Aceite de CBD Nobilis - Aceite de CBD - Aceite de CBD 10% de espectro completo<\/title>\n<meta name=\"description\" content=\"Aceite de CBD Nobilis - Aceite de CBD - ACEITE DE CBD DE ESPECTRO COMPLETO - ACEITE DE CBD PREMIUM - ACEITE DE CBD BARATO SEP ACEITE DE CBD BARATO - ACEITE DE CBD BARATO - ACEITE DE CBD BARATO SEP ACEITE DE CBD POTENTE\" \/>\n<meta name=\"robots\" content=\"index, follow, max-snippet:-1, max-image-preview:large, max-video-preview:-1\" \/>\n<link rel=\"canonical\" href=\"https:\/\/mypot.fr\/es\/producto\/aceite-10-ml-nobilis-10-cbd-full-spectrum\/\" \/>\n<meta property=\"og:locale\" content=\"es_ES\" \/>\n<meta property=\"og:type\" content=\"article\" \/>\n<meta property=\"og:title\" content=\"Aceite de CBD Nobilis - Aceite de CBD - Aceite de CBD 10% de espectro completo\" \/>\n<meta property=\"og:description\" content=\"Aceite de CBD Nobilis - Aceite de CBD - ACEITE DE CBD DE ESPECTRO COMPLETO - ACEITE DE CBD PREMIUM - ACEITE DE CBD BARATO SEP ACEITE DE CBD BARATO - ACEITE DE CBD BARATO - ACEITE DE CBD BARATO SEP ACEITE DE CBD POTENTE\" \/>\n<meta property=\"og:url\" content=\"https:\/\/mypot.fr\/es\/producto\/aceite-10-ml-nobilis-10-cbd-full-spectrum\/\" \/>\n<meta property=\"og:site_name\" content=\"My Pot\" \/>\n<meta property=\"article:modified_time\" content=\"2024-03-26T09:36:34+00:00\" \/>\n<meta property=\"og:image\" content=\"https:\/\/mypot.fr\/wp-content\/uploads\/2023\/05\/huile-cbd-10_full-spectrum-nobilis-10ml.webp\" \/>\n\t<meta property=\"og:image:width\" content=\"600\" \/>\n\t<meta property=\"og:image:height\" content=\"600\" \/>\n\t<meta property=\"og:image:type\" content=\"image\/webp\" \/>\n<meta name=\"twitter:card\" content=\"summary_large_image\" \/>\n<meta name=\"twitter:label1\" content=\"Tiempo de lectura\" \/>\n\t<meta name=\"twitter:data1\" content=\"1 minuto\" \/>\n<script type=\"application\/ld+json\" class=\"yoast-schema-graph\">{\"@context\":\"https:\\\/\\\/schema.org\",\"@graph\":[{\"@type\":\"WebPage\",\"@id\":\"https:\\\/\\\/mypot.fr\\\/es\\\/producto\\\/aceite-10-ml-nobilis-10-cbd-full-spectrum\\\/\",\"url\":\"https:\\\/\\\/mypot.fr\\\/es\\\/producto\\\/aceite-10-ml-nobilis-10-cbd-full-spectrum\\\/\",\"name\":\"Aceite de CBD Nobilis - Aceite de CBD - Aceite de CBD 10% de espectro completo\",\"isPartOf\":{\"@id\":\"https:\\\/\\\/mypot.fr\\\/es\\\/#website\"},\"primaryImageOfPage\":{\"@id\":\"https:\\\/\\\/mypot.fr\\\/es\\\/producto\\\/aceite-10-ml-nobilis-10-cbd-full-spectrum\\\/#primaryimage\"},\"image\":{\"@id\":\"https:\\\/\\\/mypot.fr\\\/es\\\/producto\\\/aceite-10-ml-nobilis-10-cbd-full-spectrum\\\/#primaryimage\"},\"thumbnailUrl\":\"https:\\\/\\\/mypot.fr\\\/wp-content\\\/uploads\\\/2023\\\/05\\\/huile-cbd-10_full-spectrum-nobilis-10ml.webp\",\"datePublished\":\"2023-05-26T07:49:08+00:00\",\"dateModified\":\"2024-03-26T09:36:34+00:00\",\"description\":\"Aceite de CBD Nobilis - Aceite de CBD - ACEITE DE CBD DE ESPECTRO COMPLETO - ACEITE DE CBD PREMIUM - ACEITE DE CBD BARATO SEP ACEITE DE CBD BARATO - ACEITE DE CBD BARATO - ACEITE DE CBD BARATO SEP ACEITE DE CBD POTENTE\",\"breadcrumb\":{\"@id\":\"https:\\\/\\\/mypot.fr\\\/es\\\/producto\\\/aceite-10-ml-nobilis-10-cbd-full-spectrum\\\/#breadcrumb\"},\"inLanguage\":\"es\",\"potentialAction\":[{\"@type\":\"ReadAction\",\"target\":[\"https:\\\/\\\/mypot.fr\\\/es\\\/producto\\\/aceite-10-ml-nobilis-10-cbd-full-spectrum\\\/\"]}]},{\"@type\":\"ImageObject\",\"inLanguage\":\"es\",\"@id\":\"https:\\\/\\\/mypot.fr\\\/es\\\/producto\\\/aceite-10-ml-nobilis-10-cbd-full-spectrum\\\/#primaryimage\",\"url\":\"https:\\\/\\\/mypot.fr\\\/wp-content\\\/uploads\\\/2023\\\/05\\\/huile-cbd-10_full-spectrum-nobilis-10ml.webp\",\"contentUrl\":\"https:\\\/\\\/mypot.fr\\\/wp-content\\\/uploads\\\/2023\\\/05\\\/huile-cbd-10_full-spectrum-nobilis-10ml.webp\",\"width\":600,\"height\":600,\"caption\":\"Embalaje de cart\u00f3n y peque\u00f1a botella de aceite de vidrio.\"},{\"@type\":\"BreadcrumbList\",\"@id\":\"https:\\\/\\\/mypot.fr\\\/es\\\/producto\\\/aceite-10-ml-nobilis-10-cbd-full-spectrum\\\/#breadcrumb\",\"itemListElement\":[{\"@type\":\"ListItem\",\"position\":1,\"name\":\"Inicio\",\"item\":\"https:\\\/\\\/mypot.fr\\\/es\\\/\"},{\"@type\":\"ListItem\",\"position\":2,\"name\":\"Boutique\",\"item\":\"https:\\\/\\\/mypot.fr\\\/boutique\\\/\"},{\"@type\":\"ListItem\",\"position\":3,\"name\":\"Aceite 10 ml &#8211; Nobilis &#8211; 10% CBD Full Spectrum\"}]},{\"@type\":\"WebSite\",\"@id\":\"https:\\\/\\\/mypot.fr\\\/es\\\/#website\",\"url\":\"https:\\\/\\\/mypot.fr\\\/es\\\/\",\"name\":\"My Pot\",\"description\":\"Exp\u00e9riences CDB\",\"publisher\":{\"@id\":\"https:\\\/\\\/mypot.fr\\\/es\\\/#organization\"},\"potentialAction\":[{\"@type\":\"SearchAction\",\"target\":{\"@type\":\"EntryPoint\",\"urlTemplate\":\"https:\\\/\\\/mypot.fr\\\/es\\\/?s={search_term_string}\"},\"query-input\":{\"@type\":\"PropertyValueSpecification\",\"valueRequired\":true,\"valueName\":\"search_term_string\"}}],\"inLanguage\":\"es\"},{\"@type\":\"Organization\",\"@id\":\"https:\\\/\\\/mypot.fr\\\/es\\\/#organization\",\"name\":\"My Pot\",\"url\":\"https:\\\/\\\/mypot.fr\\\/es\\\/\",\"logo\":{\"@type\":\"ImageObject\",\"inLanguage\":\"es\",\"@id\":\"https:\\\/\\\/mypot.fr\\\/es\\\/#\\\/schema\\\/logo\\\/image\\\/\",\"url\":\"https:\\\/\\\/mypot.fr\\\/wp-content\\\/uploads\\\/2023\\\/06\\\/My-Pot-logo.png\",\"contentUrl\":\"https:\\\/\\\/mypot.fr\\\/wp-content\\\/uploads\\\/2023\\\/06\\\/My-Pot-logo.png\",\"width\":812,\"height\":812,\"caption\":\"My Pot\"},\"image\":{\"@id\":\"https:\\\/\\\/mypot.fr\\\/es\\\/#\\\/schema\\\/logo\\\/image\\\/\"}}]}<\/script>\n<!-- \/ Yoast SEO plugin. -->","yoast_head_json":{"title":"Aceite de CBD Nobilis - Aceite de CBD - Aceite de CBD 10% de espectro completo","description":"Aceite de CBD Nobilis - Aceite de CBD - ACEITE DE CBD DE ESPECTRO COMPLETO - ACEITE DE CBD PREMIUM - ACEITE DE CBD BARATO SEP ACEITE DE CBD BARATO - ACEITE DE CBD BARATO - ACEITE DE CBD BARATO SEP ACEITE DE CBD POTENTE","robots":{"index":"index","follow":"follow","max-snippet":"max-snippet:-1","max-image-preview":"max-image-preview:large","max-video-preview":"max-video-preview:-1"},"canonical":"https:\/\/mypot.fr\/es\/producto\/aceite-10-ml-nobilis-10-cbd-full-spectrum\/","og_locale":"es_ES","og_type":"article","og_title":"Aceite de CBD Nobilis - Aceite de CBD - Aceite de CBD 10% de espectro completo","og_description":"Aceite de CBD Nobilis - Aceite de CBD - ACEITE DE CBD DE ESPECTRO COMPLETO - ACEITE DE CBD PREMIUM - ACEITE DE CBD BARATO SEP ACEITE DE CBD BARATO - ACEITE DE CBD BARATO - ACEITE DE CBD BARATO SEP ACEITE DE CBD POTENTE","og_url":"https:\/\/mypot.fr\/es\/producto\/aceite-10-ml-nobilis-10-cbd-full-spectrum\/","og_site_name":"My Pot","article_modified_time":"2024-03-26T09:36:34+00:00","og_image":[{"width":600,"height":600,"url":"https:\/\/mypot.fr\/wp-content\/uploads\/2023\/05\/huile-cbd-10_full-spectrum-nobilis-10ml.webp","type":"image\/webp"}],"twitter_card":"summary_large_image","twitter_misc":{"Tiempo de lectura":"1 minuto"},"schema":{"@context":"https:\/\/schema.org","@graph":[{"@type":"WebPage","@id":"https:\/\/mypot.fr\/es\/producto\/aceite-10-ml-nobilis-10-cbd-full-spectrum\/","url":"https:\/\/mypot.fr\/es\/producto\/aceite-10-ml-nobilis-10-cbd-full-spectrum\/","name":"Aceite de CBD Nobilis - Aceite de CBD - Aceite de CBD 10% de espectro completo","isPartOf":{"@id":"https:\/\/mypot.fr\/es\/#website"},"primaryImageOfPage":{"@id":"https:\/\/mypot.fr\/es\/producto\/aceite-10-ml-nobilis-10-cbd-full-spectrum\/#primaryimage"},"image":{"@id":"https:\/\/mypot.fr\/es\/producto\/aceite-10-ml-nobilis-10-cbd-full-spectrum\/#primaryimage"},"thumbnailUrl":"https:\/\/mypot.fr\/wp-content\/uploads\/2023\/05\/huile-cbd-10_full-spectrum-nobilis-10ml.webp","datePublished":"2023-05-26T07:49:08+00:00","dateModified":"2024-03-26T09:36:34+00:00","description":"Aceite de CBD Nobilis - Aceite de CBD - ACEITE DE CBD DE ESPECTRO COMPLETO - ACEITE DE CBD PREMIUM - ACEITE DE CBD BARATO SEP ACEITE DE CBD BARATO - ACEITE DE CBD BARATO - ACEITE DE CBD BARATO SEP ACEITE DE CBD POTENTE","breadcrumb":{"@id":"https:\/\/mypot.fr\/es\/producto\/aceite-10-ml-nobilis-10-cbd-full-spectrum\/#breadcrumb"},"inLanguage":"es","potentialAction":[{"@type":"ReadAction","target":["https:\/\/mypot.fr\/es\/producto\/aceite-10-ml-nobilis-10-cbd-full-spectrum\/"]}]},{"@type":"ImageObject","inLanguage":"es","@id":"https:\/\/mypot.fr\/es\/producto\/aceite-10-ml-nobilis-10-cbd-full-spectrum\/#primaryimage","url":"https:\/\/mypot.fr\/wp-content\/uploads\/2023\/05\/huile-cbd-10_full-spectrum-nobilis-10ml.webp","contentUrl":"https:\/\/mypot.fr\/wp-content\/uploads\/2023\/05\/huile-cbd-10_full-spectrum-nobilis-10ml.webp","width":600,"height":600,"caption":"Embalaje de cart\u00f3n y peque\u00f1a botella de aceite de vidrio."},{"@type":"BreadcrumbList","@id":"https:\/\/mypot.fr\/es\/producto\/aceite-10-ml-nobilis-10-cbd-full-spectrum\/#breadcrumb","itemListElement":[{"@type":"ListItem","position":1,"name":"Inicio","item":"https:\/\/mypot.fr\/es\/"},{"@type":"ListItem","position":2,"name":"Boutique","item":"https:\/\/mypot.fr\/boutique\/"},{"@type":"ListItem","position":3,"name":"Aceite 10 ml &#8211; Nobilis &#8211; 10% CBD Full Spectrum"}]},{"@type":"WebSite","@id":"https:\/\/mypot.fr\/es\/#website","url":"https:\/\/mypot.fr\/es\/","name":"My Pot","description":"Exp\u00e9riences CDB","publisher":{"@id":"https:\/\/mypot.fr\/es\/#organization"},"potentialAction":[{"@type":"SearchAction","target":{"@type":"EntryPoint","urlTemplate":"https:\/\/mypot.fr\/es\/?s={search_term_string}"},"query-input":{"@type":"PropertyValueSpecification","valueRequired":true,"valueName":"search_term_string"}}],"inLanguage":"es"},{"@type":"Organization","@id":"https:\/\/mypot.fr\/es\/#organization","name":"My Pot","url":"https:\/\/mypot.fr\/es\/","logo":{"@type":"ImageObject","inLanguage":"es","@id":"https:\/\/mypot.fr\/es\/#\/schema\/logo\/image\/","url":"https:\/\/mypot.fr\/wp-content\/uploads\/2023\/06\/My-Pot-logo.png","contentUrl":"https:\/\/mypot.fr\/wp-content\/uploads\/2023\/06\/My-Pot-logo.png","width":812,"height":812,"caption":"My Pot"},"image":{"@id":"https:\/\/mypot.fr\/es\/#\/schema\/logo\/image\/"}}]}},"_links":{"self":[{"href":"https:\/\/mypot.fr\/es\/wp-json\/wp\/v2\/product\/8066","targetHints":{"allow":["GET"]}}],"collection":[{"href":"https:\/\/mypot.fr\/es\/wp-json\/wp\/v2\/product"}],"about":[{"href":"https:\/\/mypot.fr\/es\/wp-json\/wp\/v2\/types\/product"}],"replies":[{"embeddable":true,"href":"https:\/\/mypot.fr\/es\/wp-json\/wp\/v2\/comments?post=8066"}],"version-history":[{"count":1,"href":"https:\/\/mypot.fr\/es\/wp-json\/wp\/v2\/product\/8066\/revisions"}],"predecessor-version":[{"id":8075,"href":"https:\/\/mypot.fr\/es\/wp-json\/wp\/v2\/product\/8066\/revisions\/8075"}],"wp:featuredmedia":[{"embeddable":true,"href":"https:\/\/mypot.fr\/es\/wp-json\/wp\/v2\/media\/7318"}],"wp:attachment":[{"href":"https:\/\/mypot.fr\/es\/wp-json\/wp\/v2\/media?parent=8066"}],"wp:term":[{"taxonomy":"product_brand","embeddable":true,"href":"https:\/\/mypot.fr\/es\/wp-json\/wp\/v2\/product_brand?post=8066"},{"taxonomy":"product_cat","embeddable":true,"href":"https:\/\/mypot.fr\/es\/wp-json\/wp\/v2\/product_cat?post=8066"},{"taxonomy":"product_tag","embeddable":true,"href":"https:\/\/mypot.fr\/es\/wp-json\/wp\/v2\/product_tag?post=8066"}],"curies":[{"name":"wp","href":"https:\/\/api.w.org\/{rel}","templated":true}]}}