{"id":7945,"date":"2023-05-24T11:26:26","date_gmt":"2023-05-24T11:26:26","guid":{"rendered":"https:\/\/mypot.fr\/produit\/mascarilla-facial-de-cbd-greeneo\/"},"modified":"2024-10-31T15:13:35","modified_gmt":"2024-10-31T15:13:35","slug":"mascarilla-facial-de-cbd-greeneo","status":"publish","type":"product","link":"https:\/\/mypot.fr\/es\/producto\/mascarilla-facial-de-cbd-greeneo\/","title":{"rendered":"Mascarilla facial de CBD &#8211; Greeneo &#8211;"},"content":{"rendered":"<p>Reg\u00e1late una experiencia relajante y regeneradora con la mascarilla facial 100% natural CBD Relax Sheet de Greeneo.<br \/>\nCon una infusi\u00f3n de CBD (cannabidiol), aceite de c\u00e1\u00f1amo y aceite de girasol, dejar\u00e1 tu piel hidratada, revitalizada y resplandeciente de salud.<br \/>\nSe convertir\u00e1 en un verdadero ritual de bienestar para tu piel y te dejar\u00e1 con una sensaci\u00f3n de calma y frescura, as\u00ed como de un cutis radiante y descansado.<\/p>\n<p>Instrucciones de uso:<br \/>\nLimpiar la piel y secar antes de usar. Despliega la mascarilla y retira el velo protector.<br \/>\nAplicar sobre el rostro y dejar reposar durante 15 minutos. A continuaci\u00f3n, retira la mascarilla y masajea el exceso en la piel. No aclarar.<\/p>\n<p>Composici\u00f3n:<br \/>\nCannabidiol, Aceite de c\u00e1\u00f1amo, Aceite de girasol.<\/p>\n","protected":false},"excerpt":{"rendered":"<p>&nbsp;<\/p>\n<p>Mascarilla facial con efectos purificantes, reparadores e hidratantes.<\/p>\n<p>Producto 100% natural<\/p>\n","protected":false},"featured_media":7142,"comment_status":"open","ping_status":"closed","template":"","meta":{"site-sidebar-layout":"default","site-content-layout":"default","ast-site-content-layout":"default","site-content-style":"default","site-sidebar-style":"default","ast-global-header-display":"","ast-banner-title-visibility":"","ast-main-header-display":"","ast-hfb-above-header-display":"","ast-hfb-below-header-display":"","ast-hfb-mobile-header-display":"","site-post-title":"","ast-breadcrumbs-content":"","ast-featured-img":"","footer-sml-layout":"","ast-disable-related-posts":"","theme-transparent-header-meta":"default","adv-header-id-meta":"","stick-header-meta":"","header-above-stick-meta":"","header-main-stick-meta":"","header-below-stick-meta":"","astra-migrate-meta-layouts":"default","ast-page-background-enabled":"default","ast-page-background-meta":{"desktop":{"background-color":"","background-image":"","background-repeat":"repeat","background-position":"center center","background-size":"auto","background-attachment":"scroll","background-type":"","background-media":"","overlay-type":"","overlay-color":"","overlay-opacity":"","overlay-gradient":""},"tablet":{"background-color":"","background-image":"","background-repeat":"repeat","background-position":"center center","background-size":"auto","background-attachment":"scroll","background-type":"","background-media":"","overlay-type":"","overlay-color":"","overlay-opacity":"","overlay-gradient":""},"mobile":{"background-color":"","background-image":"","background-repeat":"repeat","background-position":"center center","background-size":"auto","background-attachment":"scroll","background-type":"","background-media":"","overlay-type":"","overlay-color":"","overlay-opacity":"","overlay-gradient":""}},"ast-content-background-meta":{"desktop":{"background-color":"var(--ast-global-color-5)","background-image":"","background-repeat":"repeat","background-position":"center center","background-size":"auto","background-attachment":"scroll","background-type":"","background-media":"","overlay-type":"","overlay-color":"","overlay-opacity":"","overlay-gradient":""},"tablet":{"background-color":"var(--ast-global-color-5)","background-image":"","background-repeat":"repeat","background-position":"center center","background-size":"auto","background-attachment":"scroll","background-type":"","background-media":"","overlay-type":"","overlay-color":"","overlay-opacity":"","overlay-gradient":""},"mobile":{"background-color":"var(--ast-global-color-5)","background-image":"","background-repeat":"repeat","background-position":"center center","background-size":"auto","background-attachment":"scroll","background-type":"","background-media":"","overlay-type":"","overlay-color":"","overlay-opacity":"","overlay-gradient":""}},"_joinchat":[]},"product_brand":[],"product_cat":[269],"product_tag":[270,263],"class_list":{"0":"post-7945","1":"product","2":"type-product","3":"status-publish","4":"has-post-thumbnail","6":"product_cat-cosmeticos","7":"product_tag-cosmeticos","8":"product_tag-golosinas-thc","9":"desktop-align-left","10":"tablet-align-left","11":"mobile-align-left","13":"first","14":"instock","15":"shipping-taxable","16":"purchasable","17":"product-type-simple"},"yoast_head":"<!-- This site is optimized with the Yoast SEO plugin v27.4 - https:\/\/yoast.com\/product\/yoast-seo-wordpress\/ -->\n<title>Mascarilla de CBD - Mascarilla Facial CBD - Cuidado Facial CBD - Greeneo Mask<\/title>\n<meta name=\"description\" content=\"Mascarilla de CBD - Mascarilla Facial CBD - Cuidado Facial - Mascarilla Greeneo - Mascarilla CBD Barata - Sep Cheap - Cheap Greeneo CBD Mask Wellness Face\" \/>\n<meta name=\"robots\" content=\"index, follow, max-snippet:-1, max-image-preview:large, max-video-preview:-1\" \/>\n<link rel=\"canonical\" href=\"https:\/\/mypot.fr\/es\/producto\/mascarilla-facial-de-cbd-greeneo\/\" \/>\n<meta property=\"og:locale\" content=\"es_ES\" \/>\n<meta property=\"og:type\" content=\"article\" \/>\n<meta property=\"og:title\" content=\"Mascarilla de CBD - Mascarilla Facial CBD - Cuidado Facial CBD - Greeneo Mask\" \/>\n<meta property=\"og:description\" content=\"Mascarilla de CBD - Mascarilla Facial CBD - Cuidado Facial - Mascarilla Greeneo - Mascarilla CBD Barata - Sep Cheap - Cheap Greeneo CBD Mask Wellness Face\" \/>\n<meta property=\"og:url\" content=\"https:\/\/mypot.fr\/es\/producto\/mascarilla-facial-de-cbd-greeneo\/\" \/>\n<meta property=\"og:site_name\" content=\"My Pot\" \/>\n<meta property=\"article:modified_time\" content=\"2024-10-31T15:13:35+00:00\" \/>\n<meta property=\"og:image\" content=\"https:\/\/mypot.fr\/wp-content\/uploads\/2023\/05\/Masque-tissu-visage-Greeneo-CBD-1.jpg\" \/>\n\t<meta property=\"og:image:width\" content=\"800\" \/>\n\t<meta property=\"og:image:height\" content=\"800\" \/>\n\t<meta property=\"og:image:type\" content=\"image\/jpeg\" \/>\n<meta name=\"twitter:card\" content=\"summary_large_image\" \/>\n<meta name=\"twitter:label1\" content=\"Tiempo de lectura\" \/>\n\t<meta name=\"twitter:data1\" content=\"1 minuto\" \/>\n<script type=\"application\/ld+json\" class=\"yoast-schema-graph\">{\"@context\":\"https:\\\/\\\/schema.org\",\"@graph\":[{\"@type\":\"WebPage\",\"@id\":\"https:\\\/\\\/mypot.fr\\\/es\\\/producto\\\/mascarilla-facial-de-cbd-greeneo\\\/\",\"url\":\"https:\\\/\\\/mypot.fr\\\/es\\\/producto\\\/mascarilla-facial-de-cbd-greeneo\\\/\",\"name\":\"Mascarilla de CBD - Mascarilla Facial CBD - Cuidado Facial CBD - Greeneo Mask\",\"isPartOf\":{\"@id\":\"https:\\\/\\\/mypot.fr\\\/es\\\/#website\"},\"primaryImageOfPage\":{\"@id\":\"https:\\\/\\\/mypot.fr\\\/es\\\/producto\\\/mascarilla-facial-de-cbd-greeneo\\\/#primaryimage\"},\"image\":{\"@id\":\"https:\\\/\\\/mypot.fr\\\/es\\\/producto\\\/mascarilla-facial-de-cbd-greeneo\\\/#primaryimage\"},\"thumbnailUrl\":\"https:\\\/\\\/mypot.fr\\\/wp-content\\\/uploads\\\/2023\\\/05\\\/Masque-tissu-visage-Greeneo-CBD-1.jpg\",\"datePublished\":\"2023-05-24T11:26:26+00:00\",\"dateModified\":\"2024-10-31T15:13:35+00:00\",\"description\":\"Mascarilla de CBD - Mascarilla Facial CBD - Cuidado Facial - Mascarilla Greeneo - Mascarilla CBD Barata - Sep Cheap - Cheap Greeneo CBD Mask Wellness Face\",\"breadcrumb\":{\"@id\":\"https:\\\/\\\/mypot.fr\\\/es\\\/producto\\\/mascarilla-facial-de-cbd-greeneo\\\/#breadcrumb\"},\"inLanguage\":\"es\",\"potentialAction\":[{\"@type\":\"ReadAction\",\"target\":[\"https:\\\/\\\/mypot.fr\\\/es\\\/producto\\\/mascarilla-facial-de-cbd-greeneo\\\/\"]}]},{\"@type\":\"ImageObject\",\"inLanguage\":\"es\",\"@id\":\"https:\\\/\\\/mypot.fr\\\/es\\\/producto\\\/mascarilla-facial-de-cbd-greeneo\\\/#primaryimage\",\"url\":\"https:\\\/\\\/mypot.fr\\\/wp-content\\\/uploads\\\/2023\\\/05\\\/Masque-tissu-visage-Greeneo-CBD-1.jpg\",\"contentUrl\":\"https:\\\/\\\/mypot.fr\\\/wp-content\\\/uploads\\\/2023\\\/05\\\/Masque-tissu-visage-Greeneo-CBD-1.jpg\",\"width\":800,\"height\":800,\"caption\":\"Paquete de mascarilla facial.\"},{\"@type\":\"BreadcrumbList\",\"@id\":\"https:\\\/\\\/mypot.fr\\\/es\\\/producto\\\/mascarilla-facial-de-cbd-greeneo\\\/#breadcrumb\",\"itemListElement\":[{\"@type\":\"ListItem\",\"position\":1,\"name\":\"Inicio\",\"item\":\"https:\\\/\\\/mypot.fr\\\/es\\\/\"},{\"@type\":\"ListItem\",\"position\":2,\"name\":\"Boutique\",\"item\":\"https:\\\/\\\/mypot.fr\\\/boutique\\\/\"},{\"@type\":\"ListItem\",\"position\":3,\"name\":\"Mascarilla facial de CBD &#8211; Greeneo &#8211;\"}]},{\"@type\":\"WebSite\",\"@id\":\"https:\\\/\\\/mypot.fr\\\/es\\\/#website\",\"url\":\"https:\\\/\\\/mypot.fr\\\/es\\\/\",\"name\":\"My Pot\",\"description\":\"Exp\u00e9riences CDB\",\"publisher\":{\"@id\":\"https:\\\/\\\/mypot.fr\\\/es\\\/#organization\"},\"potentialAction\":[{\"@type\":\"SearchAction\",\"target\":{\"@type\":\"EntryPoint\",\"urlTemplate\":\"https:\\\/\\\/mypot.fr\\\/es\\\/?s={search_term_string}\"},\"query-input\":{\"@type\":\"PropertyValueSpecification\",\"valueRequired\":true,\"valueName\":\"search_term_string\"}}],\"inLanguage\":\"es\"},{\"@type\":\"Organization\",\"@id\":\"https:\\\/\\\/mypot.fr\\\/es\\\/#organization\",\"name\":\"My Pot\",\"url\":\"https:\\\/\\\/mypot.fr\\\/es\\\/\",\"logo\":{\"@type\":\"ImageObject\",\"inLanguage\":\"es\",\"@id\":\"https:\\\/\\\/mypot.fr\\\/es\\\/#\\\/schema\\\/logo\\\/image\\\/\",\"url\":\"https:\\\/\\\/mypot.fr\\\/wp-content\\\/uploads\\\/2023\\\/06\\\/My-Pot-logo.png\",\"contentUrl\":\"https:\\\/\\\/mypot.fr\\\/wp-content\\\/uploads\\\/2023\\\/06\\\/My-Pot-logo.png\",\"width\":812,\"height\":812,\"caption\":\"My Pot\"},\"image\":{\"@id\":\"https:\\\/\\\/mypot.fr\\\/es\\\/#\\\/schema\\\/logo\\\/image\\\/\"}}]}<\/script>\n<!-- \/ Yoast SEO plugin. -->","yoast_head_json":{"title":"Mascarilla de CBD - Mascarilla Facial CBD - Cuidado Facial CBD - Greeneo Mask","description":"Mascarilla de CBD - Mascarilla Facial CBD - Cuidado Facial - Mascarilla Greeneo - Mascarilla CBD Barata - Sep Cheap - Cheap Greeneo CBD Mask Wellness Face","robots":{"index":"index","follow":"follow","max-snippet":"max-snippet:-1","max-image-preview":"max-image-preview:large","max-video-preview":"max-video-preview:-1"},"canonical":"https:\/\/mypot.fr\/es\/producto\/mascarilla-facial-de-cbd-greeneo\/","og_locale":"es_ES","og_type":"article","og_title":"Mascarilla de CBD - Mascarilla Facial CBD - Cuidado Facial CBD - Greeneo Mask","og_description":"Mascarilla de CBD - Mascarilla Facial CBD - Cuidado Facial - Mascarilla Greeneo - Mascarilla CBD Barata - Sep Cheap - Cheap Greeneo CBD Mask Wellness Face","og_url":"https:\/\/mypot.fr\/es\/producto\/mascarilla-facial-de-cbd-greeneo\/","og_site_name":"My Pot","article_modified_time":"2024-10-31T15:13:35+00:00","og_image":[{"width":800,"height":800,"url":"https:\/\/mypot.fr\/wp-content\/uploads\/2023\/05\/Masque-tissu-visage-Greeneo-CBD-1.jpg","type":"image\/jpeg"}],"twitter_card":"summary_large_image","twitter_misc":{"Tiempo de lectura":"1 minuto"},"schema":{"@context":"https:\/\/schema.org","@graph":[{"@type":"WebPage","@id":"https:\/\/mypot.fr\/es\/producto\/mascarilla-facial-de-cbd-greeneo\/","url":"https:\/\/mypot.fr\/es\/producto\/mascarilla-facial-de-cbd-greeneo\/","name":"Mascarilla de CBD - Mascarilla Facial CBD - Cuidado Facial CBD - Greeneo Mask","isPartOf":{"@id":"https:\/\/mypot.fr\/es\/#website"},"primaryImageOfPage":{"@id":"https:\/\/mypot.fr\/es\/producto\/mascarilla-facial-de-cbd-greeneo\/#primaryimage"},"image":{"@id":"https:\/\/mypot.fr\/es\/producto\/mascarilla-facial-de-cbd-greeneo\/#primaryimage"},"thumbnailUrl":"https:\/\/mypot.fr\/wp-content\/uploads\/2023\/05\/Masque-tissu-visage-Greeneo-CBD-1.jpg","datePublished":"2023-05-24T11:26:26+00:00","dateModified":"2024-10-31T15:13:35+00:00","description":"Mascarilla de CBD - Mascarilla Facial CBD - Cuidado Facial - Mascarilla Greeneo - Mascarilla CBD Barata - Sep Cheap - Cheap Greeneo CBD Mask Wellness Face","breadcrumb":{"@id":"https:\/\/mypot.fr\/es\/producto\/mascarilla-facial-de-cbd-greeneo\/#breadcrumb"},"inLanguage":"es","potentialAction":[{"@type":"ReadAction","target":["https:\/\/mypot.fr\/es\/producto\/mascarilla-facial-de-cbd-greeneo\/"]}]},{"@type":"ImageObject","inLanguage":"es","@id":"https:\/\/mypot.fr\/es\/producto\/mascarilla-facial-de-cbd-greeneo\/#primaryimage","url":"https:\/\/mypot.fr\/wp-content\/uploads\/2023\/05\/Masque-tissu-visage-Greeneo-CBD-1.jpg","contentUrl":"https:\/\/mypot.fr\/wp-content\/uploads\/2023\/05\/Masque-tissu-visage-Greeneo-CBD-1.jpg","width":800,"height":800,"caption":"Paquete de mascarilla facial."},{"@type":"BreadcrumbList","@id":"https:\/\/mypot.fr\/es\/producto\/mascarilla-facial-de-cbd-greeneo\/#breadcrumb","itemListElement":[{"@type":"ListItem","position":1,"name":"Inicio","item":"https:\/\/mypot.fr\/es\/"},{"@type":"ListItem","position":2,"name":"Boutique","item":"https:\/\/mypot.fr\/boutique\/"},{"@type":"ListItem","position":3,"name":"Mascarilla facial de CBD &#8211; Greeneo &#8211;"}]},{"@type":"WebSite","@id":"https:\/\/mypot.fr\/es\/#website","url":"https:\/\/mypot.fr\/es\/","name":"My Pot","description":"Exp\u00e9riences CDB","publisher":{"@id":"https:\/\/mypot.fr\/es\/#organization"},"potentialAction":[{"@type":"SearchAction","target":{"@type":"EntryPoint","urlTemplate":"https:\/\/mypot.fr\/es\/?s={search_term_string}"},"query-input":{"@type":"PropertyValueSpecification","valueRequired":true,"valueName":"search_term_string"}}],"inLanguage":"es"},{"@type":"Organization","@id":"https:\/\/mypot.fr\/es\/#organization","name":"My Pot","url":"https:\/\/mypot.fr\/es\/","logo":{"@type":"ImageObject","inLanguage":"es","@id":"https:\/\/mypot.fr\/es\/#\/schema\/logo\/image\/","url":"https:\/\/mypot.fr\/wp-content\/uploads\/2023\/06\/My-Pot-logo.png","contentUrl":"https:\/\/mypot.fr\/wp-content\/uploads\/2023\/06\/My-Pot-logo.png","width":812,"height":812,"caption":"My Pot"},"image":{"@id":"https:\/\/mypot.fr\/es\/#\/schema\/logo\/image\/"}}]}},"_links":{"self":[{"href":"https:\/\/mypot.fr\/es\/wp-json\/wp\/v2\/product\/7945","targetHints":{"allow":["GET"]}}],"collection":[{"href":"https:\/\/mypot.fr\/es\/wp-json\/wp\/v2\/product"}],"about":[{"href":"https:\/\/mypot.fr\/es\/wp-json\/wp\/v2\/types\/product"}],"replies":[{"embeddable":true,"href":"https:\/\/mypot.fr\/es\/wp-json\/wp\/v2\/comments?post=7945"}],"version-history":[{"count":1,"href":"https:\/\/mypot.fr\/es\/wp-json\/wp\/v2\/product\/7945\/revisions"}],"predecessor-version":[{"id":7947,"href":"https:\/\/mypot.fr\/es\/wp-json\/wp\/v2\/product\/7945\/revisions\/7947"}],"wp:featuredmedia":[{"embeddable":true,"href":"https:\/\/mypot.fr\/es\/wp-json\/wp\/v2\/media\/7142"}],"wp:attachment":[{"href":"https:\/\/mypot.fr\/es\/wp-json\/wp\/v2\/media?parent=7945"}],"wp:term":[{"taxonomy":"product_brand","embeddable":true,"href":"https:\/\/mypot.fr\/es\/wp-json\/wp\/v2\/product_brand?post=7945"},{"taxonomy":"product_cat","embeddable":true,"href":"https:\/\/mypot.fr\/es\/wp-json\/wp\/v2\/product_cat?post=7945"},{"taxonomy":"product_tag","embeddable":true,"href":"https:\/\/mypot.fr\/es\/wp-json\/wp\/v2\/product_tag?post=7945"}],"curies":[{"name":"wp","href":"https:\/\/api.w.org\/{rel}","templated":true}]}}