{"id":8328,"date":"2023-04-03T08:05:38","date_gmt":"2023-04-03T08:05:38","guid":{"rendered":"https:\/\/mypot.fr\/avisos-legales\/"},"modified":"2024-05-09T12:32:58","modified_gmt":"2024-05-09T12:32:58","slug":"avisos-legales","status":"publish","type":"page","link":"https:\/\/mypot.fr\/es\/avisos-legales\/","title":{"rendered":"Avisos legales"},"content":{"rendered":"\t\t<div data-elementor-type=\"wp-page\" data-elementor-id=\"8328\" class=\"elementor elementor-8328 elementor-3\">\n\t\t\t\t\t\t<section class=\"elementor-section elementor-top-section elementor-element elementor-element-cfa8ed2 elementor-section-boxed elementor-section-height-default elementor-section-height-default\" data-id=\"cfa8ed2\" data-element_type=\"section\" data-e-type=\"section\">\n\t\t\t\t\t\t<div class=\"elementor-container elementor-column-gap-default\">\n\t\t\t\t\t<div class=\"elementor-column elementor-col-100 elementor-top-column elementor-element elementor-element-ed46793\" data-id=\"ed46793\" data-element_type=\"column\" data-e-type=\"column\">\n\t\t\t<div class=\"elementor-widget-wrap elementor-element-populated\">\n\t\t\t\t\t\t<div class=\"elementor-element elementor-element-38920a3 elementor-widget elementor-widget-text-editor\" data-id=\"38920a3\" data-element_type=\"widget\" data-e-type=\"widget\" data-widget_type=\"text-editor.default\">\n\t\t\t\t<div class=\"elementor-widget-container\">\n\t\t\t\t\t\t\t\t\t<p><\/p>\n<h1 style=\"text-align: center;\">Avisos legales<\/h1>\n<p style=\"text-align: center;\">En vigor a partir del 24\/06\/2023<\/p>\n<p>De conformidad con lo dispuesto en los art\u00edculos 6-III y 19 de la Ley N\u00b0 2004-575 de 21 de junio de 2004 para la confianza en la econom\u00eda digital, conocida como L.C.E.N., se pone en conocimiento de los usuarios y visitantes, en adelante el \u201cUsuario\u201d, del sitio www.mypot.fr, en adelante el \u201cSitio\u201d, estos avisos legales.<br>La conexi\u00f3n y navegaci\u00f3n en el Sitio por parte del Usuario implica la aceptaci\u00f3n plena y sin reservas de estos avisos legales. Estos son accesibles en el Sitio en la secci\u00f3n \u201cAvisos legales\u201d.<\/p>\n<h3>ART\u00cdCULO 1 &#8211; EL EDITOR<\/h3>\n<p>La edici\u00f3n del Sitio est\u00e1 asegurada por My Pot, inscrita en el Registro Mercantil y de Sociedades de Montauban con el n\u00famero 947 798 997 cuya sede se encuentra en 883 route du terme 82370 NOHIC,<br><span style=\"font-style: inherit; font-weight: inherit; background-color: var(--ast-global-color-5); color: var(--ast-global-color-3);\">Email: info@mypot.fr<br><\/span><span style=\"font-style: inherit; font-weight: inherit; background-color: var(--ast-global-color-5); color: var(--ast-global-color-3);\">.El Director de la Publicaci\u00f3n es: Ugo de la Iglesia, en adelante el \u201cEditor\u201d. <\/span><\/p>\n<h3>ARTICULO 2- ALOJAMIENTO WEB<\/h3>\n<p>El servidor de la pagina web es la empresa LWS, cuya sede se encuentra en 10, RUE PENTHIEVRE. 75008 PARIS, con el n\u00famero de tel\u00e9fono: 01 77 62 30 03<\/p>\n<h3>ARTICULO 3 &#8211; ACCESO A LA PAGINA WEB<\/h3>\n<p>La p\u00e1gina es accesible en cualquier lugar, los 7 d\u00edas de la semana, las 24 horas del d\u00eda, excepto en casos de fuerza mayor o interrupci\u00f3n programados o no y que pueden surgir de una necesidad de mantenimiento.<br>En caso de modificaci\u00f3n, interrupci\u00f3n o suspensi\u00f3n del Sitio, el Editor no se hace responsable.<\/p>\n<h3>ART\u00cdCULO 4 &#8211; RECOPILACI\u00d3N DE DATOS<\/h3>\n<p>La p\u00e1gina web garantiza que los datos recopilados y procesados del visitante son tratados conforme con la ley n\u00b078-17 del 6 de enero de 1978 relativa a las computadoras, archivos y libertades.<br>Seg\u00fan la Ley de Protecci\u00f3n de Datos, de 6 de enero de 1978, el usuario tiene derecho a acceso, rectificaci\u00f3n, supresi\u00f3n y oposici\u00f3n de datos personales. El usuario ejerce este derecho: <\/p>\n<ul>\n<li>par e-mail a la direccion: info@mypot.fr<\/li>\n<\/ul>\n<p>Cualquier uso, reproducci\u00f3n, distribuci\u00f3n, comercializaci\u00f3n, modificaci\u00f3n de todo o parte de la p\u00e1gina web sin autorizaci\u00f3n del Editor est\u00e1 prohibida y puede dar lugar a acciones legales y de procesamiento seg\u00fan lo previsto, en particular, por el C\u00f3digo de Propiedad Intelectual y el C\u00f3digo Civil.<br>Para obtener m\u00e1s informaci\u00f3n, consulte las CGV en el sitio www.mypot.fr accesible en la secci\u00f3n \u201cCGV\u201d.<\/p>\n<p> <\/p>\n<p><\/p>\t\t\t\t\t\t\t\t<\/div>\n\t\t\t\t<\/div>\n\t\t\t\t\t<\/div>\n\t\t<\/div>\n\t\t\t\t\t<\/div>\n\t\t<\/section>\n\t\t\t\t<\/div>\n\t\t","protected":false},"excerpt":{"rendered":"<p>Avisos legales En vigor a partir del 24\/06\/2023 De conformidad con lo dispuesto en los art\u00edculos 6-III y 19 de la Ley N\u00b0 2004-575 de 21 de junio de 2004 para la confianza en la econom\u00eda digital, conocida como L.C.E.N., se pone en conocimiento de los usuarios y visitantes, en adelante el \u201cUsuario\u201d, del sitio [&hellip;]<\/p>\n","protected":false},"author":1,"featured_media":0,"parent":0,"menu_order":0,"comment_status":"closed","ping_status":"closed","template":"elementor_canvas","meta":{"site-sidebar-layout":"default","site-content-layout":"","ast-site-content-layout":"default","site-content-style":"default","site-sidebar-style":"default","ast-global-header-display":"","ast-banner-title-visibility":"","ast-main-header-display":"","ast-hfb-above-header-display":"","ast-hfb-below-header-display":"","ast-hfb-mobile-header-display":"","site-post-title":"","ast-breadcrumbs-content":"","ast-featured-img":"","footer-sml-layout":"","ast-disable-related-posts":"","theme-transparent-header-meta":"","adv-header-id-meta":"","stick-header-meta":"","header-above-stick-meta":"","header-main-stick-meta":"","header-below-stick-meta":"","astra-migrate-meta-layouts":"default","ast-page-background-enabled":"default","ast-page-background-meta":{"desktop":{"background-color":"","background-image":"","background-repeat":"repeat","background-position":"center center","background-size":"auto","background-attachment":"scroll","background-type":"","background-media":"","overlay-type":"","overlay-color":"","overlay-opacity":"","overlay-gradient":""},"tablet":{"background-color":"","background-image":"","background-repeat":"repeat","background-position":"center center","background-size":"auto","background-attachment":"scroll","background-type":"","background-media":"","overlay-type":"","overlay-color":"","overlay-opacity":"","overlay-gradient":""},"mobile":{"background-color":"","background-image":"","background-repeat":"repeat","background-position":"center center","background-size":"auto","background-attachment":"scroll","background-type":"","background-media":"","overlay-type":"","overlay-color":"","overlay-opacity":"","overlay-gradient":""}},"ast-content-background-meta":{"desktop":{"background-color":"var(--ast-global-color-5)","background-image":"","background-repeat":"repeat","background-position":"center center","background-size":"auto","background-attachment":"scroll","background-type":"","background-media":"","overlay-type":"","overlay-color":"","overlay-opacity":"","overlay-gradient":""},"tablet":{"background-color":"var(--ast-global-color-5)","background-image":"","background-repeat":"repeat","background-position":"center center","background-size":"auto","background-attachment":"scroll","background-type":"","background-media":"","overlay-type":"","overlay-color":"","overlay-opacity":"","overlay-gradient":""},"mobile":{"background-color":"var(--ast-global-color-5)","background-image":"","background-repeat":"repeat","background-position":"center center","background-size":"auto","background-attachment":"scroll","background-type":"","background-media":"","overlay-type":"","overlay-color":"","overlay-opacity":"","overlay-gradient":""}},"_joinchat":[],"footnotes":""},"class_list":["post-8328","page","type-page","status-publish","hentry"],"yoast_head":"<!-- This site is optimized with the Yoast SEO plugin v27.4 - https:\/\/yoast.com\/product\/yoast-seo-wordpress\/ -->\n<title>Avisos legales - My Pot<\/title>\n<meta name=\"robots\" content=\"index, follow, max-snippet:-1, max-image-preview:large, max-video-preview:-1\" \/>\n<link rel=\"canonical\" href=\"https:\/\/mypot.fr\/es\/avisos-legales\/\" \/>\n<meta property=\"og:locale\" content=\"es_ES\" \/>\n<meta property=\"og:type\" content=\"article\" \/>\n<meta property=\"og:title\" content=\"Avisos legales - My Pot\" \/>\n<meta property=\"og:description\" content=\"Avisos legales En vigor a partir del 24\/06\/2023 De conformidad con lo dispuesto en los art\u00edculos 6-III y 19 de la Ley N\u00b0 2004-575 de 21 de junio de 2004 para la confianza en la econom\u00eda digital, conocida como L.C.E.N., se pone en conocimiento de los usuarios y visitantes, en adelante el \u201cUsuario\u201d, del sitio [&hellip;]\" \/>\n<meta property=\"og:url\" content=\"https:\/\/mypot.fr\/es\/avisos-legales\/\" \/>\n<meta property=\"og:site_name\" content=\"My Pot\" \/>\n<meta property=\"article:modified_time\" content=\"2024-05-09T12:32:58+00:00\" \/>\n<meta name=\"twitter:card\" content=\"summary_large_image\" \/>\n<meta name=\"twitter:label1\" content=\"Tiempo de lectura\" \/>\n\t<meta name=\"twitter:data1\" content=\"2 minutos\" \/>\n<script type=\"application\/ld+json\" class=\"yoast-schema-graph\">{\"@context\":\"https:\\\/\\\/schema.org\",\"@graph\":[{\"@type\":\"WebPage\",\"@id\":\"https:\\\/\\\/mypot.fr\\\/es\\\/avisos-legales\\\/\",\"url\":\"https:\\\/\\\/mypot.fr\\\/es\\\/avisos-legales\\\/\",\"name\":\"Avisos legales - My Pot\",\"isPartOf\":{\"@id\":\"https:\\\/\\\/mypot.fr\\\/es\\\/#website\"},\"datePublished\":\"2023-04-03T08:05:38+00:00\",\"dateModified\":\"2024-05-09T12:32:58+00:00\",\"breadcrumb\":{\"@id\":\"https:\\\/\\\/mypot.fr\\\/es\\\/avisos-legales\\\/#breadcrumb\"},\"inLanguage\":\"es\",\"potentialAction\":[{\"@type\":\"ReadAction\",\"target\":[\"https:\\\/\\\/mypot.fr\\\/es\\\/avisos-legales\\\/\"]}]},{\"@type\":\"BreadcrumbList\",\"@id\":\"https:\\\/\\\/mypot.fr\\\/es\\\/avisos-legales\\\/#breadcrumb\",\"itemListElement\":[{\"@type\":\"ListItem\",\"position\":1,\"name\":\"Inicio\",\"item\":\"https:\\\/\\\/mypot.fr\\\/es\\\/\"},{\"@type\":\"ListItem\",\"position\":2,\"name\":\"Avisos legales\"}]},{\"@type\":\"WebSite\",\"@id\":\"https:\\\/\\\/mypot.fr\\\/es\\\/#website\",\"url\":\"https:\\\/\\\/mypot.fr\\\/es\\\/\",\"name\":\"My Pot\",\"description\":\"Exp\u00e9riences CDB\",\"publisher\":{\"@id\":\"https:\\\/\\\/mypot.fr\\\/es\\\/#organization\"},\"potentialAction\":[{\"@type\":\"SearchAction\",\"target\":{\"@type\":\"EntryPoint\",\"urlTemplate\":\"https:\\\/\\\/mypot.fr\\\/es\\\/?s={search_term_string}\"},\"query-input\":{\"@type\":\"PropertyValueSpecification\",\"valueRequired\":true,\"valueName\":\"search_term_string\"}}],\"inLanguage\":\"es\"},{\"@type\":\"Organization\",\"@id\":\"https:\\\/\\\/mypot.fr\\\/es\\\/#organization\",\"name\":\"My Pot\",\"url\":\"https:\\\/\\\/mypot.fr\\\/es\\\/\",\"logo\":{\"@type\":\"ImageObject\",\"inLanguage\":\"es\",\"@id\":\"https:\\\/\\\/mypot.fr\\\/es\\\/#\\\/schema\\\/logo\\\/image\\\/\",\"url\":\"https:\\\/\\\/mypot.fr\\\/wp-content\\\/uploads\\\/2023\\\/06\\\/My-Pot-logo.png\",\"contentUrl\":\"https:\\\/\\\/mypot.fr\\\/wp-content\\\/uploads\\\/2023\\\/06\\\/My-Pot-logo.png\",\"width\":812,\"height\":812,\"caption\":\"My Pot\"},\"image\":{\"@id\":\"https:\\\/\\\/mypot.fr\\\/es\\\/#\\\/schema\\\/logo\\\/image\\\/\"}}]}<\/script>\n<!-- \/ Yoast SEO plugin. -->","yoast_head_json":{"title":"Avisos legales - My Pot","robots":{"index":"index","follow":"follow","max-snippet":"max-snippet:-1","max-image-preview":"max-image-preview:large","max-video-preview":"max-video-preview:-1"},"canonical":"https:\/\/mypot.fr\/es\/avisos-legales\/","og_locale":"es_ES","og_type":"article","og_title":"Avisos legales - My Pot","og_description":"Avisos legales En vigor a partir del 24\/06\/2023 De conformidad con lo dispuesto en los art\u00edculos 6-III y 19 de la Ley N\u00b0 2004-575 de 21 de junio de 2004 para la confianza en la econom\u00eda digital, conocida como L.C.E.N., se pone en conocimiento de los usuarios y visitantes, en adelante el \u201cUsuario\u201d, del sitio [&hellip;]","og_url":"https:\/\/mypot.fr\/es\/avisos-legales\/","og_site_name":"My Pot","article_modified_time":"2024-05-09T12:32:58+00:00","twitter_card":"summary_large_image","twitter_misc":{"Tiempo de lectura":"2 minutos"},"schema":{"@context":"https:\/\/schema.org","@graph":[{"@type":"WebPage","@id":"https:\/\/mypot.fr\/es\/avisos-legales\/","url":"https:\/\/mypot.fr\/es\/avisos-legales\/","name":"Avisos legales - My Pot","isPartOf":{"@id":"https:\/\/mypot.fr\/es\/#website"},"datePublished":"2023-04-03T08:05:38+00:00","dateModified":"2024-05-09T12:32:58+00:00","breadcrumb":{"@id":"https:\/\/mypot.fr\/es\/avisos-legales\/#breadcrumb"},"inLanguage":"es","potentialAction":[{"@type":"ReadAction","target":["https:\/\/mypot.fr\/es\/avisos-legales\/"]}]},{"@type":"BreadcrumbList","@id":"https:\/\/mypot.fr\/es\/avisos-legales\/#breadcrumb","itemListElement":[{"@type":"ListItem","position":1,"name":"Inicio","item":"https:\/\/mypot.fr\/es\/"},{"@type":"ListItem","position":2,"name":"Avisos legales"}]},{"@type":"WebSite","@id":"https:\/\/mypot.fr\/es\/#website","url":"https:\/\/mypot.fr\/es\/","name":"My Pot","description":"Exp\u00e9riences CDB","publisher":{"@id":"https:\/\/mypot.fr\/es\/#organization"},"potentialAction":[{"@type":"SearchAction","target":{"@type":"EntryPoint","urlTemplate":"https:\/\/mypot.fr\/es\/?s={search_term_string}"},"query-input":{"@type":"PropertyValueSpecification","valueRequired":true,"valueName":"search_term_string"}}],"inLanguage":"es"},{"@type":"Organization","@id":"https:\/\/mypot.fr\/es\/#organization","name":"My Pot","url":"https:\/\/mypot.fr\/es\/","logo":{"@type":"ImageObject","inLanguage":"es","@id":"https:\/\/mypot.fr\/es\/#\/schema\/logo\/image\/","url":"https:\/\/mypot.fr\/wp-content\/uploads\/2023\/06\/My-Pot-logo.png","contentUrl":"https:\/\/mypot.fr\/wp-content\/uploads\/2023\/06\/My-Pot-logo.png","width":812,"height":812,"caption":"My Pot"},"image":{"@id":"https:\/\/mypot.fr\/es\/#\/schema\/logo\/image\/"}}]}},"_links":{"self":[{"href":"https:\/\/mypot.fr\/es\/wp-json\/wp\/v2\/pages\/8328","targetHints":{"allow":["GET"]}}],"collection":[{"href":"https:\/\/mypot.fr\/es\/wp-json\/wp\/v2\/pages"}],"about":[{"href":"https:\/\/mypot.fr\/es\/wp-json\/wp\/v2\/types\/page"}],"author":[{"embeddable":true,"href":"https:\/\/mypot.fr\/es\/wp-json\/wp\/v2\/users\/1"}],"replies":[{"embeddable":true,"href":"https:\/\/mypot.fr\/es\/wp-json\/wp\/v2\/comments?post=8328"}],"version-history":[{"count":11,"href":"https:\/\/mypot.fr\/es\/wp-json\/wp\/v2\/pages\/8328\/revisions"}],"predecessor-version":[{"id":8348,"href":"https:\/\/mypot.fr\/es\/wp-json\/wp\/v2\/pages\/8328\/revisions\/8348"}],"wp:attachment":[{"href":"https:\/\/mypot.fr\/es\/wp-json\/wp\/v2\/media?parent=8328"}],"curies":[{"name":"wp","href":"https:\/\/api.w.org\/{rel}","templated":true}]}}