{"id":8320,"date":"2023-06-28T09:55:43","date_gmt":"2023-06-28T09:55:43","guid":{"rendered":"https:\/\/mypot.fr\/cookies\/"},"modified":"2024-05-09T10:20:28","modified_gmt":"2024-05-09T10:20:28","slug":"cookies","status":"publish","type":"page","link":"https:\/\/mypot.fr\/es\/cookies\/","title":{"rendered":"Cookies"},"content":{"rendered":"\t\t<div data-elementor-type=\"wp-page\" data-elementor-id=\"8320\" class=\"elementor elementor-8320 elementor-5605\">\n\t\t\t\t\t\t<section class=\"elementor-section elementor-top-section elementor-element elementor-element-a742391 elementor-section-boxed elementor-section-height-default elementor-section-height-default\" data-id=\"a742391\" data-element_type=\"section\" data-e-type=\"section\">\n\t\t\t\t\t\t<div class=\"elementor-container elementor-column-gap-default\">\n\t\t\t\t\t<div class=\"elementor-column elementor-col-100 elementor-top-column elementor-element elementor-element-59fe4cb\" data-id=\"59fe4cb\" data-element_type=\"column\" data-e-type=\"column\">\n\t\t\t<div class=\"elementor-widget-wrap elementor-element-populated\">\n\t\t\t\t\t\t<div class=\"elementor-element elementor-element-51f0055 elementor-widget elementor-widget-text-editor\" data-id=\"51f0055\" data-element_type=\"widget\" data-e-type=\"widget\" data-widget_type=\"text-editor.default\">\n\t\t\t\t<div class=\"elementor-widget-container\">\n\t\t\t\t\t\t\t\t\t<p><\/p>\n<h1 style=\"text-align: center;\">COOKIES<\/h1>\n<p><\/p>\n<p>Utilizamos cookies para brindarle la mejor experiencia posible en nuestro sitio web. Las cookies son peque\u00f1os archivos de texto que se almacenan en su computadora o dispositivo cuando visita nuestra web. Al visitar esta p\u00e1gina web, usted acepta el uso de cookies.  <\/p>\n<p>Las cookies que utilizamos se clasifican en tres categor\u00edas:<\/p>\n<p>Cookies esenciales: Estas cookies son necesarias para que la p\u00e1gina web funcione correctamente y no se pueden desactivar en nuestros sistemas. Por lo general, se configuran en respuesta a acciones que usted realiza, como configurar sus preferencias de privacidad, iniciar sesi\u00f3n o completar formularios. Puede configurar su navegador para bloquear estas cookies, pero es posible que algunas partes del sitio no funcionen.  <\/p>\n<p>Cookies de rendimiento: Estas cookies nos permiten contar visitas y fuentes de tr\u00e1fico, para medir y mejorar el rendimiento de nuestro sitio. Nos ayudan a saber qu\u00e9 p\u00e1ginas son las m\u00e1s y las menos populares, y a ver c\u00f3mo los visitantes navegan por el sitio. Toda la informaci\u00f3n recopilada por estas cookies es agregada y, por lo tanto, an\u00f3nima. Si no acepta estas cookies, no podremos saber cu\u00e1ndo visit\u00f3 nuestro sitio.   <\/p>\n<p>Cookies de orientaci\u00f3n: nuestros socios publicitarios pueden configurar estas cookies a trav\u00e9s de nuestro sitio. Estas empresas pueden utilizarlos para crear un perfil de sus intereses y mostrarle anuncios relevantes en otros sitios. No almacenan informaci\u00f3n personal directamente, sino que se basan en la identificaci\u00f3n \u00fanica de su navegador y dispositivo. Si no acepta estas cookies, ver\u00e1 menos anuncios dirigidos.   <\/p>\n<p>Al utilizar nuestro sitio, usted acepta el uso de las cookies mencionadas anteriormente. Sin embargo, puede optar por desactivarlos en cualquier momento configurando los ajustes de su navegador. Tenga en cuenta que deshabilitar las cookies puede resultar en una experiencia de navegaci\u00f3n limitada o alterada en nuestro sitio.  <\/p>\n<p>Para obtener m\u00e1s informaci\u00f3n sobre nuestro uso de cookies y c\u00f3mo procesamos sus datos personales, consulte nuestra pol\u00edtica de privacidad.<\/p>\n<p>Si tiene alguna pregunta o inquietud sobre nuestro uso de cookies, comunique con nosotros.<\/p>\n<p><\/p>\n\t\t\t\t\t\t\t\t<\/div>\n\t\t\t\t<\/div>\n\t\t\t\t\t<\/div>\n\t\t<\/div>\n\t\t\t\t\t<\/div>\n\t\t<\/section>\n\t\t\t\t<\/div>\n\t\t","protected":false},"excerpt":{"rendered":"<p>COOKIES Utilizamos cookies para brindarle la mejor experiencia posible en nuestro sitio web. Las cookies son peque\u00f1os archivos de texto que se almacenan en su computadora o dispositivo cuando visita nuestra web. Al visitar esta p\u00e1gina web, usted acepta el uso de cookies. Las cookies que utilizamos se clasifican en tres categor\u00edas: Cookies esenciales: Estas [&hellip;]<\/p>\n","protected":false},"author":3,"featured_media":0,"parent":0,"menu_order":0,"comment_status":"closed","ping_status":"closed","template":"elementor_canvas","meta":{"site-sidebar-layout":"no-sidebar","site-content-layout":"page-builder","ast-site-content-layout":"default","site-content-style":"default","site-sidebar-style":"default","ast-global-header-display":"","ast-banner-title-visibility":"","ast-main-header-display":"","ast-hfb-above-header-display":"","ast-hfb-below-header-display":"","ast-hfb-mobile-header-display":"","site-post-title":"disabled","ast-breadcrumbs-content":"","ast-featured-img":"disabled","footer-sml-layout":"","ast-disable-related-posts":"","theme-transparent-header-meta":"","adv-header-id-meta":"","stick-header-meta":"","header-above-stick-meta":"","header-main-stick-meta":"","header-below-stick-meta":"","astra-migrate-meta-layouts":"default","ast-page-background-enabled":"default","ast-page-background-meta":{"desktop":{"background-color":"","background-image":"","background-repeat":"repeat","background-position":"center center","background-size":"auto","background-attachment":"scroll","background-type":"","background-media":"","overlay-type":"","overlay-color":"","overlay-opacity":"","overlay-gradient":""},"tablet":{"background-color":"","background-image":"","background-repeat":"repeat","background-position":"center center","background-size":"auto","background-attachment":"scroll","background-type":"","background-media":"","overlay-type":"","overlay-color":"","overlay-opacity":"","overlay-gradient":""},"mobile":{"background-color":"","background-image":"","background-repeat":"repeat","background-position":"center center","background-size":"auto","background-attachment":"scroll","background-type":"","background-media":"","overlay-type":"","overlay-color":"","overlay-opacity":"","overlay-gradient":""}},"ast-content-background-meta":{"desktop":{"background-color":"var(--ast-global-color-5)","background-image":"","background-repeat":"repeat","background-position":"center center","background-size":"auto","background-attachment":"scroll","background-type":"","background-media":"","overlay-type":"","overlay-color":"","overlay-opacity":"","overlay-gradient":""},"tablet":{"background-color":"var(--ast-global-color-5)","background-image":"","background-repeat":"repeat","background-position":"center center","background-size":"auto","background-attachment":"scroll","background-type":"","background-media":"","overlay-type":"","overlay-color":"","overlay-opacity":"","overlay-gradient":""},"mobile":{"background-color":"var(--ast-global-color-5)","background-image":"","background-repeat":"repeat","background-position":"center center","background-size":"auto","background-attachment":"scroll","background-type":"","background-media":"","overlay-type":"","overlay-color":"","overlay-opacity":"","overlay-gradient":""}},"_joinchat":[],"footnotes":""},"class_list":["post-8320","page","type-page","status-publish","hentry"],"yoast_head":"<!-- This site is optimized with the Yoast SEO plugin v27.4 - https:\/\/yoast.com\/product\/yoast-seo-wordpress\/ -->\n<title>Cookies - My Pot<\/title>\n<meta name=\"robots\" content=\"index, follow, max-snippet:-1, max-image-preview:large, max-video-preview:-1\" \/>\n<link rel=\"canonical\" href=\"https:\/\/mypot.fr\/es\/cookies\/\" \/>\n<meta property=\"og:locale\" content=\"es_ES\" \/>\n<meta property=\"og:type\" content=\"article\" \/>\n<meta property=\"og:title\" content=\"Cookies - My Pot\" \/>\n<meta property=\"og:description\" content=\"COOKIES Utilizamos cookies para brindarle la mejor experiencia posible en nuestro sitio web. Las cookies son peque\u00f1os archivos de texto que se almacenan en su computadora o dispositivo cuando visita nuestra web. Al visitar esta p\u00e1gina web, usted acepta el uso de cookies. Las cookies que utilizamos se clasifican en tres categor\u00edas: Cookies esenciales: Estas [&hellip;]\" \/>\n<meta property=\"og:url\" content=\"https:\/\/mypot.fr\/es\/cookies\/\" \/>\n<meta property=\"og:site_name\" content=\"My Pot\" \/>\n<meta property=\"article:modified_time\" content=\"2024-05-09T10:20:28+00:00\" \/>\n<meta name=\"twitter:card\" content=\"summary_large_image\" \/>\n<meta name=\"twitter:label1\" content=\"Tiempo de lectura\" \/>\n\t<meta name=\"twitter:data1\" content=\"2 minutos\" \/>\n<script type=\"application\/ld+json\" class=\"yoast-schema-graph\">{\"@context\":\"https:\\\/\\\/schema.org\",\"@graph\":[{\"@type\":\"WebPage\",\"@id\":\"https:\\\/\\\/mypot.fr\\\/es\\\/cookies\\\/\",\"url\":\"https:\\\/\\\/mypot.fr\\\/es\\\/cookies\\\/\",\"name\":\"Cookies - My Pot\",\"isPartOf\":{\"@id\":\"https:\\\/\\\/mypot.fr\\\/es\\\/#website\"},\"datePublished\":\"2023-06-28T09:55:43+00:00\",\"dateModified\":\"2024-05-09T10:20:28+00:00\",\"breadcrumb\":{\"@id\":\"https:\\\/\\\/mypot.fr\\\/es\\\/cookies\\\/#breadcrumb\"},\"inLanguage\":\"es\",\"potentialAction\":[{\"@type\":\"ReadAction\",\"target\":[\"https:\\\/\\\/mypot.fr\\\/es\\\/cookies\\\/\"]}]},{\"@type\":\"BreadcrumbList\",\"@id\":\"https:\\\/\\\/mypot.fr\\\/es\\\/cookies\\\/#breadcrumb\",\"itemListElement\":[{\"@type\":\"ListItem\",\"position\":1,\"name\":\"Inicio\",\"item\":\"https:\\\/\\\/mypot.fr\\\/es\\\/\"},{\"@type\":\"ListItem\",\"position\":2,\"name\":\"Cookies\"}]},{\"@type\":\"WebSite\",\"@id\":\"https:\\\/\\\/mypot.fr\\\/es\\\/#website\",\"url\":\"https:\\\/\\\/mypot.fr\\\/es\\\/\",\"name\":\"My Pot\",\"description\":\"Exp\u00e9riences CDB\",\"publisher\":{\"@id\":\"https:\\\/\\\/mypot.fr\\\/es\\\/#organization\"},\"potentialAction\":[{\"@type\":\"SearchAction\",\"target\":{\"@type\":\"EntryPoint\",\"urlTemplate\":\"https:\\\/\\\/mypot.fr\\\/es\\\/?s={search_term_string}\"},\"query-input\":{\"@type\":\"PropertyValueSpecification\",\"valueRequired\":true,\"valueName\":\"search_term_string\"}}],\"inLanguage\":\"es\"},{\"@type\":\"Organization\",\"@id\":\"https:\\\/\\\/mypot.fr\\\/es\\\/#organization\",\"name\":\"My Pot\",\"url\":\"https:\\\/\\\/mypot.fr\\\/es\\\/\",\"logo\":{\"@type\":\"ImageObject\",\"inLanguage\":\"es\",\"@id\":\"https:\\\/\\\/mypot.fr\\\/es\\\/#\\\/schema\\\/logo\\\/image\\\/\",\"url\":\"https:\\\/\\\/mypot.fr\\\/wp-content\\\/uploads\\\/2023\\\/06\\\/My-Pot-logo.png\",\"contentUrl\":\"https:\\\/\\\/mypot.fr\\\/wp-content\\\/uploads\\\/2023\\\/06\\\/My-Pot-logo.png\",\"width\":812,\"height\":812,\"caption\":\"My Pot\"},\"image\":{\"@id\":\"https:\\\/\\\/mypot.fr\\\/es\\\/#\\\/schema\\\/logo\\\/image\\\/\"}}]}<\/script>\n<!-- \/ Yoast SEO plugin. -->","yoast_head_json":{"title":"Cookies - My Pot","robots":{"index":"index","follow":"follow","max-snippet":"max-snippet:-1","max-image-preview":"max-image-preview:large","max-video-preview":"max-video-preview:-1"},"canonical":"https:\/\/mypot.fr\/es\/cookies\/","og_locale":"es_ES","og_type":"article","og_title":"Cookies - My Pot","og_description":"COOKIES Utilizamos cookies para brindarle la mejor experiencia posible en nuestro sitio web. Las cookies son peque\u00f1os archivos de texto que se almacenan en su computadora o dispositivo cuando visita nuestra web. Al visitar esta p\u00e1gina web, usted acepta el uso de cookies. Las cookies que utilizamos se clasifican en tres categor\u00edas: Cookies esenciales: Estas [&hellip;]","og_url":"https:\/\/mypot.fr\/es\/cookies\/","og_site_name":"My Pot","article_modified_time":"2024-05-09T10:20:28+00:00","twitter_card":"summary_large_image","twitter_misc":{"Tiempo de lectura":"2 minutos"},"schema":{"@context":"https:\/\/schema.org","@graph":[{"@type":"WebPage","@id":"https:\/\/mypot.fr\/es\/cookies\/","url":"https:\/\/mypot.fr\/es\/cookies\/","name":"Cookies - My Pot","isPartOf":{"@id":"https:\/\/mypot.fr\/es\/#website"},"datePublished":"2023-06-28T09:55:43+00:00","dateModified":"2024-05-09T10:20:28+00:00","breadcrumb":{"@id":"https:\/\/mypot.fr\/es\/cookies\/#breadcrumb"},"inLanguage":"es","potentialAction":[{"@type":"ReadAction","target":["https:\/\/mypot.fr\/es\/cookies\/"]}]},{"@type":"BreadcrumbList","@id":"https:\/\/mypot.fr\/es\/cookies\/#breadcrumb","itemListElement":[{"@type":"ListItem","position":1,"name":"Inicio","item":"https:\/\/mypot.fr\/es\/"},{"@type":"ListItem","position":2,"name":"Cookies"}]},{"@type":"WebSite","@id":"https:\/\/mypot.fr\/es\/#website","url":"https:\/\/mypot.fr\/es\/","name":"My Pot","description":"Exp\u00e9riences CDB","publisher":{"@id":"https:\/\/mypot.fr\/es\/#organization"},"potentialAction":[{"@type":"SearchAction","target":{"@type":"EntryPoint","urlTemplate":"https:\/\/mypot.fr\/es\/?s={search_term_string}"},"query-input":{"@type":"PropertyValueSpecification","valueRequired":true,"valueName":"search_term_string"}}],"inLanguage":"es"},{"@type":"Organization","@id":"https:\/\/mypot.fr\/es\/#organization","name":"My Pot","url":"https:\/\/mypot.fr\/es\/","logo":{"@type":"ImageObject","inLanguage":"es","@id":"https:\/\/mypot.fr\/es\/#\/schema\/logo\/image\/","url":"https:\/\/mypot.fr\/wp-content\/uploads\/2023\/06\/My-Pot-logo.png","contentUrl":"https:\/\/mypot.fr\/wp-content\/uploads\/2023\/06\/My-Pot-logo.png","width":812,"height":812,"caption":"My Pot"},"image":{"@id":"https:\/\/mypot.fr\/es\/#\/schema\/logo\/image\/"}}]}},"_links":{"self":[{"href":"https:\/\/mypot.fr\/es\/wp-json\/wp\/v2\/pages\/8320","targetHints":{"allow":["GET"]}}],"collection":[{"href":"https:\/\/mypot.fr\/es\/wp-json\/wp\/v2\/pages"}],"about":[{"href":"https:\/\/mypot.fr\/es\/wp-json\/wp\/v2\/types\/page"}],"author":[{"embeddable":true,"href":"https:\/\/mypot.fr\/es\/wp-json\/wp\/v2\/users\/3"}],"replies":[{"embeddable":true,"href":"https:\/\/mypot.fr\/es\/wp-json\/wp\/v2\/comments?post=8320"}],"version-history":[{"count":7,"href":"https:\/\/mypot.fr\/es\/wp-json\/wp\/v2\/pages\/8320\/revisions"}],"predecessor-version":[{"id":8327,"href":"https:\/\/mypot.fr\/es\/wp-json\/wp\/v2\/pages\/8320\/revisions\/8327"}],"wp:attachment":[{"href":"https:\/\/mypot.fr\/es\/wp-json\/wp\/v2\/media?parent=8320"}],"curies":[{"name":"wp","href":"https:\/\/api.w.org\/{rel}","templated":true}]}}