{"id":8877,"date":"2024-11-08T10:43:09","date_gmt":"2024-11-08T10:43:09","guid":{"rendered":"https:\/\/mypot.fr\/blog\/"},"modified":"2025-01-07T12:06:56","modified_gmt":"2025-01-07T12:06:56","slug":"blog","status":"publish","type":"page","link":"https:\/\/mypot.fr\/en\/blog\/","title":{"rendered":"blog"},"content":{"rendered":"\t\t<div data-elementor-type=\"wp-page\" data-elementor-id=\"8877\" class=\"elementor elementor-8877 elementor-8809\">\n\t\t\t\t\t\t<section class=\"elementor-section elementor-top-section elementor-element elementor-element-9810078 elementor-section-boxed elementor-section-height-default elementor-section-height-default\" data-id=\"9810078\" data-element_type=\"section\" data-e-type=\"section\">\n\t\t\t\t\t\t<div class=\"elementor-container elementor-column-gap-default\">\n\t\t\t\t\t<div class=\"elementor-column elementor-col-100 elementor-top-column elementor-element elementor-element-8c2d5e6\" data-id=\"8c2d5e6\" data-element_type=\"column\" data-e-type=\"column\">\n\t\t\t<div class=\"elementor-widget-wrap elementor-element-populated\">\n\t\t\t\t\t\t<div class=\"elementor-element elementor-element-ce64f51 elementor-widget elementor-widget-heading\" data-id=\"ce64f51\" data-element_type=\"widget\" data-e-type=\"widget\" data-widget_type=\"heading.default\">\n\t\t\t\t<div class=\"elementor-widget-container\">\n\t\t\t\t\t<h2 class=\"elementor-heading-title elementor-size-default\">BLOG<\/h2>\t\t\t\t<\/div>\n\t\t\t\t<\/div>\n\t\t\t\t\t<\/div>\n\t\t<\/div>\n\t\t\t\t\t<\/div>\n\t\t<\/section>\n\t\t\t\t<section class=\"elementor-section elementor-top-section elementor-element elementor-element-5bb0b1e elementor-section-boxed elementor-section-height-default elementor-section-height-default\" data-id=\"5bb0b1e\" data-element_type=\"section\" data-e-type=\"section\">\n\t\t\t\t\t\t<div class=\"elementor-container elementor-column-gap-default\">\n\t\t\t\t\t<div class=\"elementor-column elementor-col-100 elementor-top-column elementor-element elementor-element-e555092\" data-id=\"e555092\" data-element_type=\"column\" data-e-type=\"column\">\n\t\t\t<div class=\"elementor-widget-wrap elementor-element-populated\">\n\t\t\t\t\t\t<div class=\"elementor-element elementor-element-fd86361 elementor-widget elementor-widget-pd-pcf\" data-id=\"fd86361\" data-element_type=\"widget\" data-e-type=\"widget\" data-widget_type=\"pd-pcf.default\">\n\t\t\t\t<div class=\"elementor-widget-container\">\n\t\t\t\t\t<div\r\n\t        \t\tclass=\"pd-pcf-container pd-pcf-column-type-default\"\r\n\t        \t\tid=\"wbel_pd_pcf_pd_pcffd86361\"\r\n\t        \t\tdata-columns_per_row=\"3\"\r\n\t        \t\tdata-post_types=\"post\"\r\n\t        \t\tdata-tax_query=\"{&quot;0&quot;:{&quot;taxonomy&quot;:&quot;category&quot;,&quot;field&quot;:&quot;term_id&quot;,&quot;terms&quot;:[&quot;348&quot;]},&quot;relation&quot;:&quot;OR&quot;}\"\r\n\t        \t\tdata-posts_per_page=\"9\"\r\n\t        \t\tdata-settings=\"{&quot;category_ids&quot;:[&quot;348&quot;],&quot;template_style&quot;:&quot;default&quot;,&quot;columns_per_row&quot;:3,&quot;read_more_text&quot;:&quot;En savoir plus&quot;,&quot;post_types&quot;:&quot;post&quot;,&quot;posts_per_page&quot;:9,&quot;thumbnail_size_size&quot;:&quot;medium&quot;,&quot;thumbnail_size_custom_dimension&quot;:null,&quot;display_image&quot;:&quot;yes&quot;,&quot;id&quot;:&quot;pd_pcffd86361&quot;}\"\r\n\t        \t>\t\r\n\t        \t<div class=\"wbel-pd-pcf-category-container pd-pcf-filter-button-group\">\r\n\t        \t\t\t\t\t\t\t  <a href=\"#\" class=\"pd-pcf-filter-btn\" data-filter=\"*\">Show All<\/a>\r\n\t\t\t\t\t    \t\t\t\t\t\t\t\t\t<a href=\"#\" class=\"pd-pcf-filter-btn\" data-filter=\".blog-en-349\">blog<\/a>\r\n\t\t\t\t\t\t\t  \t\r\n\t        \t<\/div>\r\n\t        <div\r\n\t\t        \t\tclass=\"wbel_pd_pcf_wrapper wbel_pd_pcf_default\"\r\n\t\t        \t><div class=\"pd_pcf_item pd-pcf-col-3 blog-en-349 facultatif-en-245 \">\r\n\t<div class=\"pd_pcf_single_item\">\r\n\t\t\t<div class=\"pd_pcf_thumbnail\">\r\n\t\t\t<a href=\"https:\/\/mypot.fr\/en\/thc-inestested\/\">\r\n\t\t\t\t<img decoding=\"async\" src=\"https:\/\/mypot.fr\/wp-content\/uploads\/2024\/11\/cafereducedcuadrada-800x800.jpg\" title=\"cafereducedcuadrada\" alt=\"THC ing\u00e9r\u00e9\" \/>\t\t\t<\/a>\r\n\t\t<\/div>\r\n\t\t\t<div class=\"pd_pcf_content\">\r\n\r\n\t\t\t<div class=\"pd_pcf_title\">\r\n\t\t\t\t<h2><a href=\"https:\/\/mypot.fr\/en\/thc-inestested\/\">INGESTED THC<\/a><\/h2>\r\n\t\t\t<\/div>\r\n\r\n\t\t\t<div class=\"pd_pcf_description\">\r\n\r\n\t\t\t\t<div class=\"pd_pcf_text\"><p>INGESTED THC Cannabis-derived edibles are foods or beverages that contain cannabinoids, which are naturally occurring compounds found in cannabis. These substances are able to influence the body and mind when consumed. The cannabis plant contains more than 500 cannabinoids, but&hellip;<\/p>\n<\/div>\r\n\r\n\t\t\t\t\t\t\t\t\t<div class=\"pd_pcf_readmore\">\r\n\t\t\t\t\t\t<a class=\"pd_pcf_readmore_link\" href=\"https:\/\/mypot.fr\/en\/thc-inestested\/\">En savoir plus<\/a>\r\n\t\t\t\t\t<\/div>\r\n\t\t\t\t\t\t\t<\/div>\r\n\t\t\r\n\t\t<\/div>\r\n\t<\/div>\r\n<\/div><div class=\"pd_pcf_item pd-pcf-col-3 blog-en-349 facultatif-en-245 \">\r\n\t<div class=\"pd_pcf_single_item\">\r\n\t\t\t<div class=\"pd_pcf_thumbnail\">\r\n\t\t\t<a href=\"https:\/\/mypot.fr\/en\/about-cbd\/\">\r\n\t\t\t\t<img decoding=\"async\" src=\"https:\/\/mypot.fr\/wp-content\/uploads\/2023\/05\/xit8oiboowu-800x800.jpg\" title=\"Photo by Grav\" alt=\"Infos sur le CBD\" \/>\t\t\t<\/a>\r\n\t\t<\/div>\r\n\t\t\t<div class=\"pd_pcf_content\">\r\n\r\n\t\t\t<div class=\"pd_pcf_title\">\r\n\t\t\t\t<h2><a href=\"https:\/\/mypot.fr\/en\/about-cbd\/\">ABOUT CBD<\/a><\/h2>\r\n\t\t\t<\/div>\r\n\r\n\t\t\t<div class=\"pd_pcf_description\">\r\n\r\n\t\t\t\t<div class=\"pd_pcf_text\"><p>CBD and THC The cannabis plant contains a lot of compounds, with THC and CBD being the primary ones among approximately 500. The ratio of these two active ingredients can vary based on the strain and cultivation methods, such as&hellip;<\/p>\n<\/div>\r\n\r\n\t\t\t\t\t\t\t\t\t<div class=\"pd_pcf_readmore\">\r\n\t\t\t\t\t\t<a class=\"pd_pcf_readmore_link\" href=\"https:\/\/mypot.fr\/en\/about-cbd\/\">En savoir plus<\/a>\r\n\t\t\t\t\t<\/div>\r\n\t\t\t\t\t\t\t<\/div>\r\n\t\t\r\n\t\t<\/div>\r\n\t<\/div>\r\n<\/div><\/div><\/div>\t\t\t\t<\/div>\n\t\t\t\t<\/div>\n\t\t\t\t\t<\/div>\n\t\t<\/div>\n\t\t\t\t\t<\/div>\n\t\t<\/section>\n\t\t\t\t<\/div>\n\t\t","protected":false},"excerpt":{"rendered":"<p>BLOG Show All blog THC ING\u00c9R\u00c9 THC ING\u00c9R\u00c9 Les produits comestibles d\u00e9riv\u00e9s du cannabis sont des aliments ou des boissons contenant des cannabino\u00efdes, des compos\u00e9s naturels pr\u00e9sents dans le cannabis. Ces substances sont capables d&#8217;influencer le corps et l&#8217;esprit lorsqu&#8217;elles sont consomm\u00e9es.La plante de cannabis contient\u2026 En savoir plus INFOS SUR LE CBD Diff\u00e9rences entre [&hellip;]<\/p>\n","protected":false},"author":3,"featured_media":0,"parent":0,"menu_order":0,"comment_status":"closed","ping_status":"closed","template":"","meta":{"site-sidebar-layout":"no-sidebar","site-content-layout":"page-builder","ast-site-content-layout":"full-width-container","site-content-style":"default","site-sidebar-style":"default","ast-global-header-display":"","ast-banner-title-visibility":"","ast-main-header-display":"","ast-hfb-above-header-display":"","ast-hfb-below-header-display":"","ast-hfb-mobile-header-display":"","site-post-title":"disabled","ast-breadcrumbs-content":"","ast-featured-img":"disabled","footer-sml-layout":"","ast-disable-related-posts":"","theme-transparent-header-meta":"","adv-header-id-meta":"","stick-header-meta":"","header-above-stick-meta":"","header-main-stick-meta":"","header-below-stick-meta":"","astra-migrate-meta-layouts":"default","ast-page-background-enabled":"default","ast-page-background-meta":{"desktop":{"background-color":"","background-image":"","background-repeat":"repeat","background-position":"center center","background-size":"auto","background-attachment":"scroll","background-type":"","background-media":"","overlay-type":"","overlay-color":"","overlay-opacity":"","overlay-gradient":""},"tablet":{"background-color":"","background-image":"","background-repeat":"repeat","background-position":"center center","background-size":"auto","background-attachment":"scroll","background-type":"","background-media":"","overlay-type":"","overlay-color":"","overlay-opacity":"","overlay-gradient":""},"mobile":{"background-color":"","background-image":"","background-repeat":"repeat","background-position":"center center","background-size":"auto","background-attachment":"scroll","background-type":"","background-media":"","overlay-type":"","overlay-color":"","overlay-opacity":"","overlay-gradient":""}},"ast-content-background-meta":{"desktop":{"background-color":"var(--ast-global-color-5)","background-image":"","background-repeat":"repeat","background-position":"center center","background-size":"auto","background-attachment":"scroll","background-type":"","background-media":"","overlay-type":"","overlay-color":"","overlay-opacity":"","overlay-gradient":""},"tablet":{"background-color":"var(--ast-global-color-5)","background-image":"","background-repeat":"repeat","background-position":"center center","background-size":"auto","background-attachment":"scroll","background-type":"","background-media":"","overlay-type":"","overlay-color":"","overlay-opacity":"","overlay-gradient":""},"mobile":{"background-color":"var(--ast-global-color-5)","background-image":"","background-repeat":"repeat","background-position":"center center","background-size":"auto","background-attachment":"scroll","background-type":"","background-media":"","overlay-type":"","overlay-color":"","overlay-opacity":"","overlay-gradient":""}},"_joinchat":[],"footnotes":""},"class_list":["post-8877","page","type-page","status-publish","hentry"],"yoast_head":"<!-- This site is optimized with the Yoast SEO plugin v27.5 - https:\/\/yoast.com\/product\/yoast-seo-wordpress\/ -->\n<title>blog - My Pot<\/title>\n<meta name=\"robots\" content=\"index, follow, max-snippet:-1, max-image-preview:large, max-video-preview:-1\" \/>\n<link rel=\"canonical\" href=\"https:\/\/mypot.fr\/en\/blog\/\" \/>\n<meta property=\"og:locale\" content=\"en_US\" \/>\n<meta property=\"og:type\" content=\"article\" \/>\n<meta property=\"og:title\" content=\"blog - My Pot\" \/>\n<meta property=\"og:description\" content=\"BLOG Show All blog THC ING\u00c9R\u00c9 THC ING\u00c9R\u00c9 Les produits comestibles d\u00e9riv\u00e9s du cannabis sont des aliments ou des boissons contenant des cannabino\u00efdes, des compos\u00e9s naturels pr\u00e9sents dans le cannabis. Ces substances sont capables d&#8217;influencer le corps et l&#8217;esprit lorsqu&#8217;elles sont consomm\u00e9es.La plante de cannabis contient\u2026 En savoir plus INFOS SUR LE CBD Diff\u00e9rences entre [&hellip;]\" \/>\n<meta property=\"og:url\" content=\"https:\/\/mypot.fr\/en\/blog\/\" \/>\n<meta property=\"og:site_name\" content=\"My Pot\" \/>\n<meta property=\"article:modified_time\" content=\"2025-01-07T12:06:56+00:00\" \/>\n<meta property=\"og:image\" content=\"https:\/\/mypot.fr\/wp-content\/uploads\/2024\/11\/cafereducedcuadrada-800x800.jpg\" \/>\n<meta name=\"twitter:card\" content=\"summary_large_image\" \/>\n<meta name=\"twitter:label1\" content=\"Est. reading time\" \/>\n\t<meta name=\"twitter:data1\" content=\"1 minute\" \/>\n<script type=\"application\/ld+json\" class=\"yoast-schema-graph\">{\"@context\":\"https:\\\/\\\/schema.org\",\"@graph\":[{\"@type\":\"WebPage\",\"@id\":\"https:\\\/\\\/mypot.fr\\\/en\\\/blog\\\/\",\"url\":\"https:\\\/\\\/mypot.fr\\\/en\\\/blog\\\/\",\"name\":\"blog - My Pot\",\"isPartOf\":{\"@id\":\"https:\\\/\\\/mypot.fr\\\/en\\\/#website\"},\"primaryImageOfPage\":{\"@id\":\"https:\\\/\\\/mypot.fr\\\/en\\\/blog\\\/#primaryimage\"},\"image\":{\"@id\":\"https:\\\/\\\/mypot.fr\\\/en\\\/blog\\\/#primaryimage\"},\"thumbnailUrl\":\"https:\\\/\\\/mypot.fr\\\/wp-content\\\/uploads\\\/2024\\\/11\\\/cafereducedcuadrada-800x800.jpg\",\"datePublished\":\"2024-11-08T10:43:09+00:00\",\"dateModified\":\"2025-01-07T12:06:56+00:00\",\"breadcrumb\":{\"@id\":\"https:\\\/\\\/mypot.fr\\\/en\\\/blog\\\/#breadcrumb\"},\"inLanguage\":\"en-US\",\"potentialAction\":[{\"@type\":\"ReadAction\",\"target\":[\"https:\\\/\\\/mypot.fr\\\/en\\\/blog\\\/\"]}]},{\"@type\":\"ImageObject\",\"inLanguage\":\"en-US\",\"@id\":\"https:\\\/\\\/mypot.fr\\\/en\\\/blog\\\/#primaryimage\",\"url\":\"https:\\\/\\\/mypot.fr\\\/wp-content\\\/uploads\\\/2024\\\/11\\\/cafereducedcuadrada-800x800.jpg\",\"contentUrl\":\"https:\\\/\\\/mypot.fr\\\/wp-content\\\/uploads\\\/2024\\\/11\\\/cafereducedcuadrada-800x800.jpg\"},{\"@type\":\"BreadcrumbList\",\"@id\":\"https:\\\/\\\/mypot.fr\\\/en\\\/blog\\\/#breadcrumb\",\"itemListElement\":[{\"@type\":\"ListItem\",\"position\":1,\"name\":\"Inicio\",\"item\":\"https:\\\/\\\/mypot.fr\\\/en\\\/\"},{\"@type\":\"ListItem\",\"position\":2,\"name\":\"blog\"}]},{\"@type\":\"WebSite\",\"@id\":\"https:\\\/\\\/mypot.fr\\\/en\\\/#website\",\"url\":\"https:\\\/\\\/mypot.fr\\\/en\\\/\",\"name\":\"My Pot\",\"description\":\"CBD Experiences\",\"publisher\":{\"@id\":\"https:\\\/\\\/mypot.fr\\\/en\\\/#organization\"},\"potentialAction\":[{\"@type\":\"SearchAction\",\"target\":{\"@type\":\"EntryPoint\",\"urlTemplate\":\"https:\\\/\\\/mypot.fr\\\/en\\\/?s={search_term_string}\"},\"query-input\":{\"@type\":\"PropertyValueSpecification\",\"valueRequired\":true,\"valueName\":\"search_term_string\"}}],\"inLanguage\":\"en-US\"},{\"@type\":\"Organization\",\"@id\":\"https:\\\/\\\/mypot.fr\\\/en\\\/#organization\",\"name\":\"My Pot\",\"url\":\"https:\\\/\\\/mypot.fr\\\/en\\\/\",\"logo\":{\"@type\":\"ImageObject\",\"inLanguage\":\"en-US\",\"@id\":\"https:\\\/\\\/mypot.fr\\\/en\\\/#\\\/schema\\\/logo\\\/image\\\/\",\"url\":\"https:\\\/\\\/mypot.fr\\\/wp-content\\\/uploads\\\/2023\\\/06\\\/My-Pot-logo.png\",\"contentUrl\":\"https:\\\/\\\/mypot.fr\\\/wp-content\\\/uploads\\\/2023\\\/06\\\/My-Pot-logo.png\",\"width\":812,\"height\":812,\"caption\":\"My Pot\"},\"image\":{\"@id\":\"https:\\\/\\\/mypot.fr\\\/en\\\/#\\\/schema\\\/logo\\\/image\\\/\"}}]}<\/script>\n<!-- \/ Yoast SEO plugin. -->","yoast_head_json":{"title":"blog - My Pot","robots":{"index":"index","follow":"follow","max-snippet":"max-snippet:-1","max-image-preview":"max-image-preview:large","max-video-preview":"max-video-preview:-1"},"canonical":"https:\/\/mypot.fr\/en\/blog\/","og_locale":"en_US","og_type":"article","og_title":"blog - My Pot","og_description":"BLOG Show All blog THC ING\u00c9R\u00c9 THC ING\u00c9R\u00c9 Les produits comestibles d\u00e9riv\u00e9s du cannabis sont des aliments ou des boissons contenant des cannabino\u00efdes, des compos\u00e9s naturels pr\u00e9sents dans le cannabis. Ces substances sont capables d&#8217;influencer le corps et l&#8217;esprit lorsqu&#8217;elles sont consomm\u00e9es.La plante de cannabis contient\u2026 En savoir plus INFOS SUR LE CBD Diff\u00e9rences entre [&hellip;]","og_url":"https:\/\/mypot.fr\/en\/blog\/","og_site_name":"My Pot","article_modified_time":"2025-01-07T12:06:56+00:00","og_image":[{"url":"https:\/\/mypot.fr\/wp-content\/uploads\/2024\/11\/cafereducedcuadrada-800x800.jpg","type":"","width":"","height":""}],"twitter_card":"summary_large_image","twitter_misc":{"Est. reading time":"1 minute"},"schema":{"@context":"https:\/\/schema.org","@graph":[{"@type":"WebPage","@id":"https:\/\/mypot.fr\/en\/blog\/","url":"https:\/\/mypot.fr\/en\/blog\/","name":"blog - My Pot","isPartOf":{"@id":"https:\/\/mypot.fr\/en\/#website"},"primaryImageOfPage":{"@id":"https:\/\/mypot.fr\/en\/blog\/#primaryimage"},"image":{"@id":"https:\/\/mypot.fr\/en\/blog\/#primaryimage"},"thumbnailUrl":"https:\/\/mypot.fr\/wp-content\/uploads\/2024\/11\/cafereducedcuadrada-800x800.jpg","datePublished":"2024-11-08T10:43:09+00:00","dateModified":"2025-01-07T12:06:56+00:00","breadcrumb":{"@id":"https:\/\/mypot.fr\/en\/blog\/#breadcrumb"},"inLanguage":"en-US","potentialAction":[{"@type":"ReadAction","target":["https:\/\/mypot.fr\/en\/blog\/"]}]},{"@type":"ImageObject","inLanguage":"en-US","@id":"https:\/\/mypot.fr\/en\/blog\/#primaryimage","url":"https:\/\/mypot.fr\/wp-content\/uploads\/2024\/11\/cafereducedcuadrada-800x800.jpg","contentUrl":"https:\/\/mypot.fr\/wp-content\/uploads\/2024\/11\/cafereducedcuadrada-800x800.jpg"},{"@type":"BreadcrumbList","@id":"https:\/\/mypot.fr\/en\/blog\/#breadcrumb","itemListElement":[{"@type":"ListItem","position":1,"name":"Inicio","item":"https:\/\/mypot.fr\/en\/"},{"@type":"ListItem","position":2,"name":"blog"}]},{"@type":"WebSite","@id":"https:\/\/mypot.fr\/en\/#website","url":"https:\/\/mypot.fr\/en\/","name":"My Pot","description":"CBD Experiences","publisher":{"@id":"https:\/\/mypot.fr\/en\/#organization"},"potentialAction":[{"@type":"SearchAction","target":{"@type":"EntryPoint","urlTemplate":"https:\/\/mypot.fr\/en\/?s={search_term_string}"},"query-input":{"@type":"PropertyValueSpecification","valueRequired":true,"valueName":"search_term_string"}}],"inLanguage":"en-US"},{"@type":"Organization","@id":"https:\/\/mypot.fr\/en\/#organization","name":"My Pot","url":"https:\/\/mypot.fr\/en\/","logo":{"@type":"ImageObject","inLanguage":"en-US","@id":"https:\/\/mypot.fr\/en\/#\/schema\/logo\/image\/","url":"https:\/\/mypot.fr\/wp-content\/uploads\/2023\/06\/My-Pot-logo.png","contentUrl":"https:\/\/mypot.fr\/wp-content\/uploads\/2023\/06\/My-Pot-logo.png","width":812,"height":812,"caption":"My Pot"},"image":{"@id":"https:\/\/mypot.fr\/en\/#\/schema\/logo\/image\/"}}]}},"_links":{"self":[{"href":"https:\/\/mypot.fr\/en\/wp-json\/wp\/v2\/pages\/8877","targetHints":{"allow":["GET"]}}],"collection":[{"href":"https:\/\/mypot.fr\/en\/wp-json\/wp\/v2\/pages"}],"about":[{"href":"https:\/\/mypot.fr\/en\/wp-json\/wp\/v2\/types\/page"}],"author":[{"embeddable":true,"href":"https:\/\/mypot.fr\/en\/wp-json\/wp\/v2\/users\/3"}],"replies":[{"embeddable":true,"href":"https:\/\/mypot.fr\/en\/wp-json\/wp\/v2\/comments?post=8877"}],"version-history":[{"count":4,"href":"https:\/\/mypot.fr\/en\/wp-json\/wp\/v2\/pages\/8877\/revisions"}],"predecessor-version":[{"id":9068,"href":"https:\/\/mypot.fr\/en\/wp-json\/wp\/v2\/pages\/8877\/revisions\/9068"}],"wp:attachment":[{"href":"https:\/\/mypot.fr\/en\/wp-json\/wp\/v2\/media?parent=8877"}],"curies":[{"name":"wp","href":"https:\/\/api.w.org\/{rel}","templated":true}]}}